{"id":11012,"date":"2020-07-29T13:38:22","date_gmt":"2020-07-29T12:38:22","guid":{"rendered":"https:\/\/www.rp-technik.com\/contact\/"},"modified":"2026-01-05T11:33:08","modified_gmt":"2026-01-05T10:33:08","slug":"contact","status":"publish","type":"page","link":"https:\/\/www.rp-technik.com\/fr\/contact\/","title":{"rendered":"Contact"},"content":{"rendered":"","protected":false},"excerpt":{"rendered":"<p>This is where you will find your regional contact for RP Technik, the specialist for steel &#038; glass systems.<\/p>\n","protected":false},"author":10,"featured_media":0,"parent":0,"menu_order":0,"comment_status":"closed","ping_status":"closed","template":"","meta":{"_acf_changed":false,"inline_featured_image":false,"footnotes":""},"class_list":["post-11012","page","type-page","status-publish","hentry"],"acf":[],"yoast_head":"<!-- This site is optimized with the Yoast SEO plugin v26.8 - https:\/\/yoast.com\/product\/yoast-seo-wordpress\/ -->\n<title>Interlocuteurs RP Technik pour syst\u00e8mes verre et acier<\/title>\n<meta name=\"description\" content=\"Vous trouverez ici votre interlocuteur r\u00e9gional pour RP Technik, le sp\u00e9cialiste des syst\u00e8mes verre et acier.\" \/>\n<link rel=\"canonical\" href=\"https:\/\/www.rp-technik.com\/fr\/contact\/\" \/>\n<meta property=\"og:locale\" content=\"fr_FR\" \/>\n<meta property=\"og:type\" content=\"article\" \/>\n<meta property=\"og:title\" content=\"Interlocuteurs RP Technik pour syst\u00e8mes verre et acier\" \/>\n<meta property=\"og:description\" content=\"Vous trouverez ici votre interlocuteur r\u00e9gional pour RP Technik, le sp\u00e9cialiste des fen\u00eatres, portes et cloisons en verre et acier ainsi que des fa\u00e7ades rapport\u00e9es et fa\u00e7ades-rideaux en acier.\" \/>\n<meta property=\"og:url\" content=\"https:\/\/www.rp-technik.com\/fr\/contact\/\" \/>\n<meta property=\"og:site_name\" content=\"RP Technik\" \/>\n<meta property=\"article:modified_time\" content=\"2026-01-05T10:33:08+00:00\" \/>\n<meta property=\"og:image\" content=\"https:\/\/www.rp-technik.com\/wp-content\/uploads\/2020\/10\/Startseite-RP-Technik.png\" \/>\n\t<meta property=\"og:image:width\" content=\"1695\" \/>\n\t<meta property=\"og:image:height\" content=\"807\" \/>\n\t<meta property=\"og:image:type\" content=\"image\/png\" \/>\n<meta name=\"twitter:card\" content=\"summary_large_image\" \/>\n<meta name=\"twitter:title\" content=\"RP Technik contacts for steel &amp; glass systems\" \/>\n<meta name=\"twitter:description\" content=\"This is where you will find your regional contact for RP Technik, the specialist for steel &amp; glass windows, doors, partition walls, as well as for add-on curtain walls and mullion-transom curtain walls made of steel.\" \/>\n<script type=\"application\/ld+json\" class=\"yoast-schema-graph\">{\"@context\":\"https:\/\/schema.org\",\"@graph\":[{\"@type\":\"WebPage\",\"@id\":\"https:\/\/www.rp-technik.com\/fr\/contact\/\",\"url\":\"https:\/\/www.rp-technik.com\/fr\/contact\/\",\"name\":\"Interlocuteurs RP Technik pour syst\u00e8mes verre et acier\",\"isPartOf\":{\"@id\":\"\/#website\"},\"datePublished\":\"2020-07-29T12:38:22+00:00\",\"dateModified\":\"2026-01-05T10:33:08+00:00\",\"description\":\"Vous trouverez ici votre interlocuteur r\u00e9gional pour RP Technik, le sp\u00e9cialiste des syst\u00e8mes verre et acier.\",\"inLanguage\":\"fr-FR\",\"potentialAction\":[{\"@type\":\"ReadAction\",\"target\":[\"https:\/\/www.rp-technik.com\/fr\/contact\/\"]}]},{\"@type\":\"WebSite\",\"@id\":\"\/#website\",\"url\":\"\/\",\"name\":\"RP Technik\",\"description\":\"Hersteller von Stahlsystemen f\u00fcr Fenster, T\u00fcren und Fassaden, Profilsysteme, Stahl-Glas-Elemente, Brandschutzt\u00fcren aus Stahl\",\"potentialAction\":[{\"@type\":\"SearchAction\",\"target\":{\"@type\":\"EntryPoint\",\"urlTemplate\":\"\/?s={search_term_string}\"},\"query-input\":{\"@type\":\"PropertyValueSpecification\",\"valueRequired\":true,\"valueName\":\"search_term_string\"}}],\"inLanguage\":\"fr-FR\"}]}<\/script>\n<!-- \/ Yoast SEO plugin. -->","yoast_head_json":{"title":"Interlocuteurs RP Technik pour syst\u00e8mes verre et acier","description":"Vous trouverez ici votre interlocuteur r\u00e9gional pour RP Technik, le sp\u00e9cialiste des syst\u00e8mes verre et acier.","canonical":"https:\/\/www.rp-technik.com\/fr\/contact\/","og_locale":"fr_FR","og_type":"article","og_title":"Interlocuteurs RP Technik pour syst\u00e8mes verre et acier","og_description":"Vous trouverez ici votre interlocuteur r\u00e9gional pour RP Technik, le sp\u00e9cialiste des fen\u00eatres, portes et cloisons en verre et acier ainsi que des fa\u00e7ades rapport\u00e9es et fa\u00e7ades-rideaux en acier.","og_url":"https:\/\/www.rp-technik.com\/fr\/contact\/","og_site_name":"RP Technik","article_modified_time":"2026-01-05T10:33:08+00:00","og_image":[{"width":1695,"height":807,"url":"https:\/\/www.rp-technik.com\/wp-content\/uploads\/2020\/10\/Startseite-RP-Technik.png","type":"image\/png"}],"twitter_card":"summary_large_image","twitter_title":"RP Technik contacts for steel & glass systems","twitter_description":"This is where you will find your regional contact for RP Technik, the specialist for steel & glass windows, doors, partition walls, as well as for add-on curtain walls and mullion-transom curtain walls made of steel.","schema":{"@context":"https:\/\/schema.org","@graph":[{"@type":"WebPage","@id":"https:\/\/www.rp-technik.com\/fr\/contact\/","url":"https:\/\/www.rp-technik.com\/fr\/contact\/","name":"Interlocuteurs RP Technik pour syst\u00e8mes verre et acier","isPartOf":{"@id":"\/#website"},"datePublished":"2020-07-29T12:38:22+00:00","dateModified":"2026-01-05T10:33:08+00:00","description":"Vous trouverez ici votre interlocuteur r\u00e9gional pour RP Technik, le sp\u00e9cialiste des syst\u00e8mes verre et acier.","inLanguage":"fr-FR","potentialAction":[{"@type":"ReadAction","target":["https:\/\/www.rp-technik.com\/fr\/contact\/"]}]},{"@type":"WebSite","@id":"\/#website","url":"\/","name":"RP Technik","description":"Hersteller von Stahlsystemen f\u00fcr Fenster, T\u00fcren und Fassaden, Profilsysteme, Stahl-Glas-Elemente, Brandschutzt\u00fcren aus Stahl","potentialAction":[{"@type":"SearchAction","target":{"@type":"EntryPoint","urlTemplate":"\/?s={search_term_string}"},"query-input":{"@type":"PropertyValueSpecification","valueRequired":true,"valueName":"search_term_string"}}],"inLanguage":"fr-FR"}]}},"_links":{"self":[{"href":"https:\/\/www.rp-technik.com\/fr\/wp-json\/wp\/v2\/pages\/11012","targetHints":{"allow":["GET"]}}],"collection":[{"href":"https:\/\/www.rp-technik.com\/fr\/wp-json\/wp\/v2\/pages"}],"about":[{"href":"https:\/\/www.rp-technik.com\/fr\/wp-json\/wp\/v2\/types\/page"}],"author":[{"embeddable":true,"href":"https:\/\/www.rp-technik.com\/fr\/wp-json\/wp\/v2\/users\/10"}],"replies":[{"embeddable":true,"href":"https:\/\/www.rp-technik.com\/fr\/wp-json\/wp\/v2\/comments?post=11012"}],"version-history":[{"count":76,"href":"https:\/\/www.rp-technik.com\/fr\/wp-json\/wp\/v2\/pages\/11012\/revisions"}],"predecessor-version":[{"id":24406,"href":"https:\/\/www.rp-technik.com\/fr\/wp-json\/wp\/v2\/pages\/11012\/revisions\/24406"}],"wp:attachment":[{"href":"https:\/\/www.rp-technik.com\/fr\/wp-json\/wp\/v2\/media?parent=11012"}],"curies":[{"name":"wp","href":"https:\/\/api.w.org\/{rel}","templated":true}]}}