{"id":9839,"date":"2020-08-10T06:45:38","date_gmt":"2020-08-10T05:45:38","guid":{"rendered":"https:\/\/rptechnik.neuim.net\/service\/"},"modified":"2026-01-05T11:31:47","modified_gmt":"2026-01-05T10:31:47","slug":"service","status":"publish","type":"page","link":"https:\/\/www.rp-technik.com\/fr\/service\/","title":{"rendered":"Service"},"content":{"rendered":"<div class=\"ce ce-news \" id=\"\">\n    <div class=\"container-fluid\">\n        <div class=\"row\">\n                                <div class=\"col-12 col-lg-8 \">\n                        <div class=\"ce-news__item ce-news__item--nobg\" data-aos=\"fade\" data-aos-duration=\"1000\">\n                            <figure class=\"ce-news__figure\">\n                                <picture>\n                                    \n                            <source media=\"(min-width: 1200px)\" data-srcset=\"https:\/\/www.rp-technik.com\/wp-content\/uploads\/2020\/08\/RP-Technik-Service-Kataloge-919x556.jpg\">\n                            <source media=\"(min-width: 992px)\" data-srcset=\"https:\/\/www.rp-technik.com\/wp-content\/uploads\/2020\/08\/RP-Technik-Service-Kataloge-769x468.jpg\">\n                            <source media=\"(min-width: 768px)\" data-srcset=\"https:\/\/www.rp-technik.com\/wp-content\/uploads\/2020\/08\/RP-Technik-Service-Kataloge.jpg\">\n                            <source media=\"(min-width: 576px)\" data-srcset=\"https:\/\/www.rp-technik.com\/wp-content\/uploads\/2020\/08\/RP-Technik-Service-Kataloge-747x454.jpg\">\n                            <source media=\"(min-width: 320px)\" data-srcset=\"https:\/\/www.rp-technik.com\/wp-content\/uploads\/2020\/08\/RP-Technik-Service-Kataloge-mobil-555x560.jpg\">\n                            <source data-srcset=\"https:\/\/www.rp-technik.com\/wp-content\/uploads\/2020\/08\/RP-Technik-Service-Kataloge-mobil-300x380.jpg\">\n                            <img loading=\"lazy\" data-src=\"https:\/\/www.rp-technik.com\/wp-content\/uploads\/2020\/08\/RP-Technik-Service-Kataloge-919x556.jpg\" width=\"919\" height=\"556\" alt=\"\" title=\"RP-Technik-Service-Kataloge\" class=\"img-fluid w-100\">\n                                                        <\/picture>\n                            <\/figure>\n                            <div class=\"ce-news__container\">\n                                <div class=\"ce-news__content\">\n                                                                            <div class=\"ce-news__content__headline\">\n                                            Catalogues &#038; fichiers CAD \t\t                                        <\/div>\n                                                                                                            <p class=\"ce-news__content__text\">\n                                        Nos documentations et donn\u00e9es CAD sont en libre acc\u00e8s, sans inscription.                                    <\/p>\n                                                                    <\/div>\n                                <div class=\"ce-news__footer\"><\/div>\n                            <\/div>\n                            <a href=\"https:\/\/info.rp-technik.com\/?group=2038\" target=\"_blank\" class=\"ce-news__link\"><\/a>\n                        <\/div>\n                    <\/div>\n                    <\/div>\n    <\/div>\n<\/div>\n\n\n","protected":false},"excerpt":{"rendered":"<p>Die Unterst\u00fctzung f\u00fcr Planer und unsere Metallbau-Partner hat bei RP Technik einen besonderen Stellenwert. <\/p>\n","protected":false},"author":10,"featured_media":0,"parent":0,"menu_order":0,"comment_status":"closed","ping_status":"closed","template":"","meta":{"_acf_changed":false,"inline_featured_image":false,"footnotes":""},"class_list":["post-9839","page","type-page","status-publish","hentry"],"acf":[],"yoast_head":"<!-- This site is optimized with the Yoast SEO plugin v26.8 - https:\/\/yoast.com\/product\/yoast-seo-wordpress\/ -->\n<title>Service de t\u00e9l\u00e9chargement pour syst\u00e8mes verre et acier<\/title>\n<meta name=\"description\" content=\"Chez RP Technik, nous accordons une importance particuli\u00e8re au soutien apport\u00e9 aux urbanistes et \u00e0 nos partenaires m\u00e9talliers.\" \/>\n<link rel=\"canonical\" href=\"https:\/\/www.rp-technik.com\/fr\/service\/\" \/>\n<meta property=\"og:locale\" content=\"fr_FR\" \/>\n<meta property=\"og:type\" content=\"article\" \/>\n<meta property=\"og:title\" content=\"Service de t\u00e9l\u00e9chargement pour syst\u00e8mes verre et acier\" \/>\n<meta property=\"og:description\" content=\"Chez RP Technik, nous accordons une importance particuli\u00e8re au soutien apport\u00e9 aux urbanistes et \u00e0 nos partenaires m\u00e9talliers.\" \/>\n<meta property=\"og:url\" content=\"https:\/\/www.rp-technik.com\/fr\/service\/\" \/>\n<meta property=\"og:site_name\" content=\"RP Technik\" \/>\n<meta property=\"article:modified_time\" content=\"2026-01-05T10:31:47+00:00\" \/>\n<meta property=\"og:image\" content=\"https:\/\/www.rp-technik.com\/wp-content\/uploads\/2020\/10\/Startseite-RP-Technik.png\" \/>\n\t<meta property=\"og:image:width\" content=\"1695\" \/>\n\t<meta property=\"og:image:height\" content=\"807\" \/>\n\t<meta property=\"og:image:type\" content=\"image\/png\" \/>\n<meta name=\"twitter:card\" content=\"summary_large_image\" \/>\n<meta name=\"twitter:title\" content=\"Service de t\u00e9l\u00e9chargement pour syst\u00e8mes verre et acier\" \/>\n<meta name=\"twitter:description\" content=\"Chez RP Technik, nous accordons une importance particuli\u00e8re au soutien apport\u00e9 aux urbanistes et \u00e0 nos partenaires m\u00e9talliers.\" \/>\n<script type=\"application\/ld+json\" class=\"yoast-schema-graph\">{\"@context\":\"https:\/\/schema.org\",\"@graph\":[{\"@type\":\"WebPage\",\"@id\":\"https:\/\/www.rp-technik.com\/fr\/service\/\",\"url\":\"https:\/\/www.rp-technik.com\/fr\/service\/\",\"name\":\"Service de t\u00e9l\u00e9chargement pour syst\u00e8mes verre et acier\",\"isPartOf\":{\"@id\":\"\/#website\"},\"datePublished\":\"2020-08-10T05:45:38+00:00\",\"dateModified\":\"2026-01-05T10:31:47+00:00\",\"description\":\"Chez RP Technik, nous accordons une importance particuli\u00e8re au soutien apport\u00e9 aux urbanistes et \u00e0 nos partenaires m\u00e9talliers.\",\"inLanguage\":\"fr-FR\",\"potentialAction\":[{\"@type\":\"ReadAction\",\"target\":[\"https:\/\/www.rp-technik.com\/fr\/service\/\"]}]},{\"@type\":\"WebSite\",\"@id\":\"\/#website\",\"url\":\"\/\",\"name\":\"RP Technik\",\"description\":\"Hersteller von Stahlsystemen f\u00fcr Fenster, T\u00fcren und Fassaden, Profilsysteme, Stahl-Glas-Elemente, Brandschutzt\u00fcren aus Stahl\",\"potentialAction\":[{\"@type\":\"SearchAction\",\"target\":{\"@type\":\"EntryPoint\",\"urlTemplate\":\"\/?s={search_term_string}\"},\"query-input\":{\"@type\":\"PropertyValueSpecification\",\"valueRequired\":true,\"valueName\":\"search_term_string\"}}],\"inLanguage\":\"fr-FR\"}]}<\/script>\n<!-- \/ Yoast SEO plugin. -->","yoast_head_json":{"title":"Service de t\u00e9l\u00e9chargement pour syst\u00e8mes verre et acier","description":"Chez RP Technik, nous accordons une importance particuli\u00e8re au soutien apport\u00e9 aux urbanistes et \u00e0 nos partenaires m\u00e9talliers.","canonical":"https:\/\/www.rp-technik.com\/fr\/service\/","og_locale":"fr_FR","og_type":"article","og_title":"Service de t\u00e9l\u00e9chargement pour syst\u00e8mes verre et acier","og_description":"Chez RP Technik, nous accordons une importance particuli\u00e8re au soutien apport\u00e9 aux urbanistes et \u00e0 nos partenaires m\u00e9talliers.","og_url":"https:\/\/www.rp-technik.com\/fr\/service\/","og_site_name":"RP Technik","article_modified_time":"2026-01-05T10:31:47+00:00","og_image":[{"width":1695,"height":807,"url":"https:\/\/www.rp-technik.com\/wp-content\/uploads\/2020\/10\/Startseite-RP-Technik.png","type":"image\/png"}],"twitter_card":"summary_large_image","twitter_title":"Service de t\u00e9l\u00e9chargement pour syst\u00e8mes verre et acier","twitter_description":"Chez RP Technik, nous accordons une importance particuli\u00e8re au soutien apport\u00e9 aux urbanistes et \u00e0 nos partenaires m\u00e9talliers.","schema":{"@context":"https:\/\/schema.org","@graph":[{"@type":"WebPage","@id":"https:\/\/www.rp-technik.com\/fr\/service\/","url":"https:\/\/www.rp-technik.com\/fr\/service\/","name":"Service de t\u00e9l\u00e9chargement pour syst\u00e8mes verre et acier","isPartOf":{"@id":"\/#website"},"datePublished":"2020-08-10T05:45:38+00:00","dateModified":"2026-01-05T10:31:47+00:00","description":"Chez RP Technik, nous accordons une importance particuli\u00e8re au soutien apport\u00e9 aux urbanistes et \u00e0 nos partenaires m\u00e9talliers.","inLanguage":"fr-FR","potentialAction":[{"@type":"ReadAction","target":["https:\/\/www.rp-technik.com\/fr\/service\/"]}]},{"@type":"WebSite","@id":"\/#website","url":"\/","name":"RP Technik","description":"Hersteller von Stahlsystemen f\u00fcr Fenster, T\u00fcren und Fassaden, Profilsysteme, Stahl-Glas-Elemente, Brandschutzt\u00fcren aus Stahl","potentialAction":[{"@type":"SearchAction","target":{"@type":"EntryPoint","urlTemplate":"\/?s={search_term_string}"},"query-input":{"@type":"PropertyValueSpecification","valueRequired":true,"valueName":"search_term_string"}}],"inLanguage":"fr-FR"}]}},"_links":{"self":[{"href":"https:\/\/www.rp-technik.com\/fr\/wp-json\/wp\/v2\/pages\/9839","targetHints":{"allow":["GET"]}}],"collection":[{"href":"https:\/\/www.rp-technik.com\/fr\/wp-json\/wp\/v2\/pages"}],"about":[{"href":"https:\/\/www.rp-technik.com\/fr\/wp-json\/wp\/v2\/types\/page"}],"author":[{"embeddable":true,"href":"https:\/\/www.rp-technik.com\/fr\/wp-json\/wp\/v2\/users\/10"}],"replies":[{"embeddable":true,"href":"https:\/\/www.rp-technik.com\/fr\/wp-json\/wp\/v2\/comments?post=9839"}],"version-history":[{"count":50,"href":"https:\/\/www.rp-technik.com\/fr\/wp-json\/wp\/v2\/pages\/9839\/revisions"}],"predecessor-version":[{"id":24400,"href":"https:\/\/www.rp-technik.com\/fr\/wp-json\/wp\/v2\/pages\/9839\/revisions\/24400"}],"wp:attachment":[{"href":"https:\/\/www.rp-technik.com\/fr\/wp-json\/wp\/v2\/media?parent=9839"}],"curies":[{"name":"wp","href":"https:\/\/api.w.org\/{rel}","templated":true}]}}