{"id":9843,"date":"2020-08-03T13:19:16","date_gmt":"2020-08-03T12:19:16","guid":{"rendered":"https:\/\/rptechnik.neuim.net\/agb\/"},"modified":"2024-12-04T09:25:43","modified_gmt":"2024-12-04T08:25:43","slug":"cgv","status":"publish","type":"page","link":"https:\/\/www.rp-technik.com\/fr\/cgv\/","title":{"rendered":"CGV"},"content":{"rendered":"    <div data-aos=\"fade-up\" data-aos-duration=\"1000\"  class=\"ce ce-text\n                 \" id=\"\">\n        \n        <div class=\"container-fluid\">            \n                <div class=\"row\">\n                    <div class=\"ce-text__text col-12 col-md-8 col-xl-8 ml-auto text-left\">\n                        <p><a class=\"btn btn--secondary\" href=\"https:\/\/www.jansen.com\/fr\/jansen-group\/conditions-contractuelles-de-la-societe-jansen-ag.html\" target=\"_blank\" rel=\"noopener\">Conditions contractuelles de la soci\u00e9t\u00e9 Jansen AG<\/a><\/p>\n<p>&nbsp;<\/p>\n<p><a class=\"btn btn--secondary\" href=\"https:\/\/www.jansen.com\/en\/jansen-group\/general-terms-and-conditions-of-purchase-of-jansen-ag.html\" target=\"_blank\" rel=\"noopener\">General Terms and Conditions of Purchase of Jansen AG<\/a><\/p>\n                    <\/div>\n                <\/div>\n                    <\/div>    <\/div>\n\n\n    \n","protected":false},"excerpt":{"rendered":"<p>Unsere allgemeinen Gesch\u00e4ftsbedingungen stehen Ihnen unter nachfolgendem Link als Download oder zum Online-Bl\u00e4ttern zur Verf\u00fcgung.<\/p>\n","protected":false},"author":10,"featured_media":0,"parent":0,"menu_order":0,"comment_status":"closed","ping_status":"closed","template":"","meta":{"_acf_changed":false,"inline_featured_image":false,"footnotes":""},"class_list":["post-9843","page","type-page","status-publish","hentry"],"acf":[],"yoast_head":"<!-- This site is optimized with the Yoast SEO plugin v26.8 - https:\/\/yoast.com\/product\/yoast-seo-wordpress\/ -->\n<title>CGV - RP Technik GmbH Profilsysteme<\/title>\n<meta name=\"description\" content=\"Nos conditions g\u00e9n\u00e9rales peuvent \u00eatre t\u00e9l\u00e9charg\u00e9es ou consult\u00e9es en ligne \u00e0 partir du lien suivant.\" \/>\n<link rel=\"canonical\" href=\"https:\/\/www.rp-technik.com\/fr\/cgv\/\" \/>\n<meta property=\"og:locale\" content=\"fr_FR\" \/>\n<meta property=\"og:type\" content=\"article\" \/>\n<meta property=\"og:title\" content=\"AGB - RP Technik GmbH Profilsysteme\" \/>\n<meta property=\"og:description\" content=\"Unsere allgemeinen Gesch\u00e4ftsbedingungen stehen Ihnen unter nachfolgendem Link als Download oder zum Online-Bl\u00e4ttern zur Verf\u00fcgung.\" \/>\n<meta property=\"og:url\" content=\"https:\/\/www.rp-technik.com\/fr\/cgv\/\" \/>\n<meta property=\"og:site_name\" content=\"RP Technik\" \/>\n<meta property=\"article:modified_time\" content=\"2024-12-04T08:25:43+00:00\" \/>\n<meta property=\"og:image\" content=\"https:\/\/www.rp-technik.com\/wp-content\/uploads\/2020\/10\/Startseite-RP-Technik.png\" \/>\n\t<meta property=\"og:image:width\" content=\"1695\" \/>\n\t<meta property=\"og:image:height\" content=\"807\" \/>\n\t<meta property=\"og:image:type\" content=\"image\/png\" \/>\n<meta name=\"twitter:card\" content=\"summary_large_image\" \/>\n<meta name=\"twitter:title\" content=\"AGB - RP Technik GmbH Profilsysteme\" \/>\n<meta name=\"twitter:description\" content=\"Unsere allgemeinen Gesch\u00e4ftsbedingungen stehen Ihnen unter nachfolgendem Link als Download oder zum Online-Bl\u00e4ttern zur Verf\u00fcgung.\" \/>\n<script type=\"application\/ld+json\" class=\"yoast-schema-graph\">{\"@context\":\"https:\/\/schema.org\",\"@graph\":[{\"@type\":\"WebPage\",\"@id\":\"https:\/\/www.rp-technik.com\/fr\/cgv\/\",\"url\":\"https:\/\/www.rp-technik.com\/fr\/cgv\/\",\"name\":\"CGV - RP Technik GmbH Profilsysteme\",\"isPartOf\":{\"@id\":\"\/#website\"},\"datePublished\":\"2020-08-03T12:19:16+00:00\",\"dateModified\":\"2024-12-04T08:25:43+00:00\",\"description\":\"Nos conditions g\u00e9n\u00e9rales peuvent \u00eatre t\u00e9l\u00e9charg\u00e9es ou consult\u00e9es en ligne \u00e0 partir du lien suivant.\",\"inLanguage\":\"fr-FR\",\"potentialAction\":[{\"@type\":\"ReadAction\",\"target\":[\"https:\/\/www.rp-technik.com\/fr\/cgv\/\"]}]},{\"@type\":\"WebSite\",\"@id\":\"\/#website\",\"url\":\"\/\",\"name\":\"RP Technik\",\"description\":\"Hersteller von Stahlsystemen f\u00fcr Fenster, T\u00fcren und Fassaden, Profilsysteme, Stahl-Glas-Elemente, Brandschutzt\u00fcren aus Stahl\",\"potentialAction\":[{\"@type\":\"SearchAction\",\"target\":{\"@type\":\"EntryPoint\",\"urlTemplate\":\"\/?s={search_term_string}\"},\"query-input\":{\"@type\":\"PropertyValueSpecification\",\"valueRequired\":true,\"valueName\":\"search_term_string\"}}],\"inLanguage\":\"fr-FR\"}]}<\/script>\n<!-- \/ Yoast SEO plugin. -->","yoast_head_json":{"title":"CGV - RP Technik GmbH Profilsysteme","description":"Nos conditions g\u00e9n\u00e9rales peuvent \u00eatre t\u00e9l\u00e9charg\u00e9es ou consult\u00e9es en ligne \u00e0 partir du lien suivant.","canonical":"https:\/\/www.rp-technik.com\/fr\/cgv\/","og_locale":"fr_FR","og_type":"article","og_title":"AGB - RP Technik GmbH Profilsysteme","og_description":"Unsere allgemeinen Gesch\u00e4ftsbedingungen stehen Ihnen unter nachfolgendem Link als Download oder zum Online-Bl\u00e4ttern zur Verf\u00fcgung.","og_url":"https:\/\/www.rp-technik.com\/fr\/cgv\/","og_site_name":"RP Technik","article_modified_time":"2024-12-04T08:25:43+00:00","og_image":[{"width":1695,"height":807,"url":"https:\/\/www.rp-technik.com\/wp-content\/uploads\/2020\/10\/Startseite-RP-Technik.png","type":"image\/png"}],"twitter_card":"summary_large_image","twitter_title":"AGB - RP Technik GmbH Profilsysteme","twitter_description":"Unsere allgemeinen Gesch\u00e4ftsbedingungen stehen Ihnen unter nachfolgendem Link als Download oder zum Online-Bl\u00e4ttern zur Verf\u00fcgung.","schema":{"@context":"https:\/\/schema.org","@graph":[{"@type":"WebPage","@id":"https:\/\/www.rp-technik.com\/fr\/cgv\/","url":"https:\/\/www.rp-technik.com\/fr\/cgv\/","name":"CGV - RP Technik GmbH Profilsysteme","isPartOf":{"@id":"\/#website"},"datePublished":"2020-08-03T12:19:16+00:00","dateModified":"2024-12-04T08:25:43+00:00","description":"Nos conditions g\u00e9n\u00e9rales peuvent \u00eatre t\u00e9l\u00e9charg\u00e9es ou consult\u00e9es en ligne \u00e0 partir du lien suivant.","inLanguage":"fr-FR","potentialAction":[{"@type":"ReadAction","target":["https:\/\/www.rp-technik.com\/fr\/cgv\/"]}]},{"@type":"WebSite","@id":"\/#website","url":"\/","name":"RP Technik","description":"Hersteller von Stahlsystemen f\u00fcr Fenster, T\u00fcren und Fassaden, Profilsysteme, Stahl-Glas-Elemente, Brandschutzt\u00fcren aus Stahl","potentialAction":[{"@type":"SearchAction","target":{"@type":"EntryPoint","urlTemplate":"\/?s={search_term_string}"},"query-input":{"@type":"PropertyValueSpecification","valueRequired":true,"valueName":"search_term_string"}}],"inLanguage":"fr-FR"}]}},"_links":{"self":[{"href":"https:\/\/www.rp-technik.com\/fr\/wp-json\/wp\/v2\/pages\/9843","targetHints":{"allow":["GET"]}}],"collection":[{"href":"https:\/\/www.rp-technik.com\/fr\/wp-json\/wp\/v2\/pages"}],"about":[{"href":"https:\/\/www.rp-technik.com\/fr\/wp-json\/wp\/v2\/types\/page"}],"author":[{"embeddable":true,"href":"https:\/\/www.rp-technik.com\/fr\/wp-json\/wp\/v2\/users\/10"}],"replies":[{"embeddable":true,"href":"https:\/\/www.rp-technik.com\/fr\/wp-json\/wp\/v2\/comments?post=9843"}],"version-history":[{"count":12,"href":"https:\/\/www.rp-technik.com\/fr\/wp-json\/wp\/v2\/pages\/9843\/revisions"}],"predecessor-version":[{"id":24080,"href":"https:\/\/www.rp-technik.com\/fr\/wp-json\/wp\/v2\/pages\/9843\/revisions\/24080"}],"wp:attachment":[{"href":"https:\/\/www.rp-technik.com\/fr\/wp-json\/wp\/v2\/media?parent=9843"}],"curies":[{"name":"wp","href":"https:\/\/api.w.org\/{rel}","templated":true}]}}