{"id":9848,"date":"2020-08-03T13:18:10","date_gmt":"2020-08-03T12:18:10","guid":{"rendered":"https:\/\/rptechnik.neuim.net\/verarbeiter\/"},"modified":"2026-01-23T13:34:53","modified_gmt":"2026-01-23T12:34:53","slug":"executants","status":"publish","type":"page","link":"https:\/\/www.rp-technik.com\/fr\/executants\/","title":{"rendered":"Ex\u00e9cutants"},"content":{"rendered":"    <div data-aos=\"fade-up\" data-aos-duration=\"1000\"  class=\"ce ce-text\n                 \" id=\"\">\n        \n        <div class=\"container-fluid\">                <div class=\"row\">\n        <div class=\"col-12 col-md-12 col-xl-12 mx-auto text-left\">\n            <h2 class=\"\">LE THERMOLAQUAGE<\/h2>\n        <\/div>\n    <\/div>\n\n                <div class=\"row\">\n                    <div class=\"ce-text__text col-12 col-md-12 col-xl-12 mx-auto text-left\">\n                        <p>Une fois l\u2019ouvrage r\u00e9alis\u00e9 par les m\u00e9talliers et contr\u00f4l\u00e9, celui-ci alors est trait\u00e9 anticorrosion chez le thermolaqueur.<\/p>\n<p>La protection et la finition des ouvrages en acier sont les pr\u00e9occupations majeurs des Ma\u00eetres d\u2019Oeuvre et des Ma\u00eetres d\u2019Ouvrage souhaitant disposer de produits finis prot\u00e9g\u00e9s durablement avec un \u00e9tat de surface irr\u00e9prochable. Si l\u2019esth\u00e9tique est importante, il faut prendre en consid\u00e9ration la p\u00e9rennit\u00e9 de l\u2019ouvrage. Sa finition ne peut se dissocier de sa protection anti-corrosion.<\/p>\n<p>Le thermolaquage consiste \u00e0 projeter au pistolet, en atelier sp\u00e9cialis\u00e9, une peinture en poudre, \u00e0 base de liants, charg\u00e9e \u00e9lectro statiquement et thermo durcissable. La cuisson \u00e0 200\u00b0C dans un four polym\u00e9rise le rev\u00eatement en un film r\u00e9sistant et conf\u00e8re \u00e0 celui-ci toutes ses caract\u00e9risques de duret\u00e9, souplesse, couleur, brillance et de tenue dans le temps.<\/p>\n<p>Les peintures en poudre thermodurcissable ne contiennent ni solvants, ni compos\u00e9 toxique ou pigment \u00e0 base de plomb.<\/p>\n<p>L\u2019acier thermolaqu\u00e9 r\u00e9pond parfaitement aux crit\u00e8res du d\u00e9veloppement durable dans le mesure o\u00f9 il est ind\u00e9finiment recyclable.<\/p>\n                    <\/div>\n                <\/div>\n                    <\/div>    <\/div>\n\n\n    \n\n\n<div class=\"ce ce-news \" id=\"\">\n    <div class=\"container-fluid\">\n        <div class=\"row\">\n                                <div class=\"col-12 col-lg-8 \">\n                        <div class=\"ce-news__item ce-news__item--nobg\" data-aos=\"fade\" data-aos-duration=\"1000\">\n                            <figure class=\"ce-news__figure\">\n                                <picture>\n                                    \n                            <source media=\"(min-width: 1200px)\" data-srcset=\"https:\/\/www.rp-technik.com\/wp-content\/uploads\/2020\/08\/RP-Technik-Service-Kataloge-919x556.jpg\">\n                            <source media=\"(min-width: 992px)\" data-srcset=\"https:\/\/www.rp-technik.com\/wp-content\/uploads\/2020\/08\/RP-Technik-Service-Kataloge-769x468.jpg\">\n                            <source media=\"(min-width: 768px)\" data-srcset=\"https:\/\/www.rp-technik.com\/wp-content\/uploads\/2020\/08\/RP-Technik-Service-Kataloge.jpg\">\n                            <source media=\"(min-width: 576px)\" data-srcset=\"https:\/\/www.rp-technik.com\/wp-content\/uploads\/2020\/08\/RP-Technik-Service-Kataloge-747x454.jpg\">\n                            <source media=\"(min-width: 320px)\" data-srcset=\"https:\/\/www.rp-technik.com\/wp-content\/uploads\/2020\/08\/RP-Technik-Service-Kataloge-mobil-555x560.jpg\">\n                            <source data-srcset=\"https:\/\/www.rp-technik.com\/wp-content\/uploads\/2020\/08\/RP-Technik-Service-Kataloge-mobil-300x380.jpg\">\n                            <img loading=\"lazy\" data-src=\"https:\/\/www.rp-technik.com\/wp-content\/uploads\/2020\/08\/RP-Technik-Service-Kataloge-919x556.jpg\" width=\"919\" height=\"556\" alt=\"\" title=\"RP-Technik-Service-Kataloge\" class=\"img-fluid w-100\">\n                                                        <\/picture>\n                            <\/figure>\n                            <div class=\"ce-news__container\">\n                                <div class=\"ce-news__content\">\n                                                                            <div class=\"ce-news__content__headline\">\n                                            Catalogues &#038; fichiers CAD \t\t                                        <\/div>\n                                                                                                            <p class=\"ce-news__content__text\">\n                                        Nos documentations<br \/>\r\ntechniques et donn\u00e9es CAD sont en libre acc\u00e8s, sans inscription.<br \/>\r\nParticuli\u00e8rement pratique: t\u00e9l\u00e9chargez les DWG directement du catalogue !                                    <\/p>\n                                                                    <\/div>\n                                <div class=\"ce-news__footer\"><\/div>\n                            <\/div>\n                            <a href=\"https:\/\/info.rp-technik.com\/?group=2038\" target=\"_blank\" class=\"ce-news__link\"><\/a>\n                        <\/div>\n                    <\/div>\n                                <div class=\"col-12 col-sm-6 col-lg-4 \">\n                        <div class=\"ce-news__item \" data-aos=\"fade\" data-aos-duration=\"1000\">\n                            <figure class=\"ce-news__figure\">\n                                <picture>\n                                    \n                            <source media=\"(min-width: 1200px)\" data-srcset=\"https:\/\/www.rp-technik.com\/wp-content\/uploads\/2020\/09\/RP-Technik-Service-Technical-Update-440x556.jpg\">\n                            <source media=\"(min-width: 992px)\" data-srcset=\"https:\/\/www.rp-technik.com\/wp-content\/uploads\/2020\/09\/RP-Technik-Service-Technical-Update-370x468.jpg\">\n                            <source media=\"(min-width: 768px)\" data-srcset=\"https:\/\/www.rp-technik.com\/wp-content\/uploads\/2020\/09\/RP-Technik-Service-Technical-Update.jpg\">\n                            <source media=\"(min-width: 576px)\" data-srcset=\"https:\/\/www.rp-technik.com\/wp-content\/uploads\/2020\/09\/RP-Technik-Service-Technical-Update-363x460.jpg\">\n                            <source media=\"(min-width: 320px)\" data-srcset=\"https:\/\/www.rp-technik.com\/wp-content\/uploads\/2020\/09\/RP-Technik-Service-Technical-Update.jpg\">\n                            <source data-srcset=\"https:\/\/www.rp-technik.com\/wp-content\/uploads\/2020\/09\/RP-Technik-Service-Technical-Update-300x380.jpg\">\n                            <img loading=\"lazy\" data-src=\"https:\/\/www.rp-technik.com\/wp-content\/uploads\/2020\/09\/RP-Technik-Service-Technical-Update-440x556.jpg\" width=\"440\" height=\"556\" alt=\"\" title=\"RP-Technik-Service-Technical-Update\" class=\"img-fluid w-100\">\n                                                        <\/picture>\n                            <\/figure>\n                            <div class=\"ce-news__container\">\n                                <div class=\"ce-news__content\">\n                                                                            <div class=\"ce-news__content__headline\">\n                                            Mises \u00e0 jour techniques                                        <\/div>\n                                                                                                            <p class=\"ce-news__content__text\">\n                                        Dans nos \u00ab Mises \u00e0 jour techniques \u00bb archiv\u00e9es, vous trouverez en un coup d\u2019\u0153il les mises \u00e0 jour produits ainsi que les compl\u00e9ments et modifications de nos gammes.                                    <\/p>\n                                                                    <\/div>\n                                <div class=\"ce-news__footer\"><\/div>\n                            <\/div>\n                            <a href=\"https:\/\/info.rp-technik.com\/?group=2044\" target=\"_blank\" class=\"ce-news__link\"><\/a>\n                        <\/div>\n                    <\/div>\n                                <div class=\"col-12 col-sm-6 col-lg-4 \">\n                        <div class=\"ce-news__item \" data-aos=\"fade\" data-aos-duration=\"1000\">\n                            <figure class=\"ce-news__figure\">\n                                <picture>\n                                    \n                            <source media=\"(min-width: 1200px)\" data-srcset=\"https:\/\/www.rp-technik.com\/wp-content\/uploads\/2025\/12\/1x1.png\">\n                            <source media=\"(min-width: 992px)\" data-srcset=\"https:\/\/www.rp-technik.com\/wp-content\/uploads\/2025\/12\/1x1.png\">\n                            <source media=\"(min-width: 768px)\" data-srcset=\"https:\/\/www.rp-technik.com\/wp-content\/uploads\/2025\/12\/1x1.png\">\n                            <source media=\"(min-width: 576px)\" data-srcset=\"https:\/\/www.rp-technik.com\/wp-content\/uploads\/2025\/12\/1x1.png\">\n                            <source media=\"(min-width: 320px)\" data-srcset=\"https:\/\/www.rp-technik.com\/wp-content\/uploads\/2025\/12\/1x1.png\">\n                            <source data-srcset=\"https:\/\/www.rp-technik.com\/wp-content\/uploads\/2025\/12\/1x1.png\">\n                            <img loading=\"lazy\" data-src=\"https:\/\/www.rp-technik.com\/wp-content\/uploads\/2025\/12\/1x1.png\" width=\"1\" height=\"1\" alt=\"\" title=\"1&#215;1\" class=\"img-fluid w-100\">\n                                                        <\/picture>\n                            <\/figure>\n                            <div class=\"ce-news__container\">\n                                <div class=\"ce-news__content\">\n                                                                            <div class=\"ce-news__content__headline\">\n                                            Atelier-pratique                                        <\/div>\n                                                                                                            <p class=\"ce-news__content__text\">\n                                        De la pratique pour la pratique: Nos techniciens d&rsquo;application expliquent dans la vid\u00e9o la mise en \u0153uvre simple des syst\u00e8mes RP Technik !                                    <\/p>\n                                                                    <\/div>\n                                <div class=\"ce-news__footer\"><\/div>\n                            <\/div>\n                            <a href=\"https:\/\/www.youtube.com\/playlist?list=PLh15NzkmpJMB_qqsprlSJgbMfst102ke2\" target=\"_blank\" class=\"ce-news__link\"><\/a>\n                        <\/div>\n                    <\/div>\n                    <\/div>\n    <\/div>\n<\/div>\n\n\n","protected":false},"excerpt":{"rendered":"<p>Verarbeiter von RP Technik Stahl-Glas-Systemen bestm\u00f6glich zu unterst\u00fctzen, ist unser Anspruch.<\/p>\n","protected":false},"author":10,"featured_media":0,"parent":0,"menu_order":0,"comment_status":"closed","ping_status":"closed","template":"","meta":{"_acf_changed":false,"inline_featured_image":false,"footnotes":""},"class_list":["post-9848","page","type-page","status-publish","hentry"],"acf":[],"yoast_head":"<!-- This site is optimized with the Yoast SEO plugin v26.8 - https:\/\/yoast.com\/product\/yoast-seo-wordpress\/ -->\n<title>Plein support pour nos partenaires m\u00e9talliers!<\/title>\n<meta name=\"description\" content=\"Notre ambition est d\u2019apporter aux ex\u00e9cutants le meilleur support possible dans la mise en \u0153uvre des syst\u00e8mes verre et acier de RP Technik.\" \/>\n<link rel=\"canonical\" href=\"https:\/\/www.rp-technik.com\/fr\/executants\/\" \/>\n<meta property=\"og:locale\" content=\"fr_FR\" \/>\n<meta property=\"og:type\" content=\"article\" \/>\n<meta property=\"og:title\" content=\"Plein support pour nos partenaires m\u00e9talliers !\" \/>\n<meta property=\"og:description\" content=\"Notre ambition est d\u2019apporter aux ex\u00e9cutants le meilleur support possible dans la mise en \u0153uvre des syst\u00e8mes verre et acier de RP Technik.\" \/>\n<meta property=\"og:url\" content=\"https:\/\/www.rp-technik.com\/fr\/executants\/\" \/>\n<meta property=\"og:site_name\" content=\"RP Technik\" \/>\n<meta property=\"article:modified_time\" content=\"2026-01-23T12:34:53+00:00\" \/>\n<meta property=\"og:image\" content=\"https:\/\/www.rp-technik.com\/wp-content\/uploads\/2020\/10\/Startseite-RP-Technik.png\" \/>\n\t<meta property=\"og:image:width\" content=\"1695\" \/>\n\t<meta property=\"og:image:height\" content=\"807\" \/>\n\t<meta property=\"og:image:type\" content=\"image\/png\" \/>\n<meta name=\"twitter:card\" content=\"summary_large_image\" \/>\n<meta name=\"twitter:title\" content=\"Plein support pour nos partenaires m\u00e9talliers !\" \/>\n<meta name=\"twitter:description\" content=\"Notre ambition est d\u2019apporter aux ex\u00e9cutants le meilleur support possible dans la mise en \u0153uvre des syst\u00e8mes verre et acier de RP Technik.\" \/>\n<script type=\"application\/ld+json\" class=\"yoast-schema-graph\">{\"@context\":\"https:\/\/schema.org\",\"@graph\":[{\"@type\":\"WebPage\",\"@id\":\"https:\/\/www.rp-technik.com\/fr\/executants\/\",\"url\":\"https:\/\/www.rp-technik.com\/fr\/executants\/\",\"name\":\"Plein support pour nos partenaires m\u00e9talliers!\",\"isPartOf\":{\"@id\":\"\/#website\"},\"datePublished\":\"2020-08-03T12:18:10+00:00\",\"dateModified\":\"2026-01-23T12:34:53+00:00\",\"description\":\"Notre ambition est d\u2019apporter aux ex\u00e9cutants le meilleur support possible dans la mise en \u0153uvre des syst\u00e8mes verre et acier de RP Technik.\",\"inLanguage\":\"fr-FR\",\"potentialAction\":[{\"@type\":\"ReadAction\",\"target\":[\"https:\/\/www.rp-technik.com\/fr\/executants\/\"]}]},{\"@type\":\"WebSite\",\"@id\":\"\/#website\",\"url\":\"\/\",\"name\":\"RP Technik\",\"description\":\"Hersteller von Stahlsystemen f\u00fcr Fenster, T\u00fcren und Fassaden, Profilsysteme, Stahl-Glas-Elemente, Brandschutzt\u00fcren aus Stahl\",\"potentialAction\":[{\"@type\":\"SearchAction\",\"target\":{\"@type\":\"EntryPoint\",\"urlTemplate\":\"\/?s={search_term_string}\"},\"query-input\":{\"@type\":\"PropertyValueSpecification\",\"valueRequired\":true,\"valueName\":\"search_term_string\"}}],\"inLanguage\":\"fr-FR\"}]}<\/script>\n<!-- \/ Yoast SEO plugin. -->","yoast_head_json":{"title":"Plein support pour nos partenaires m\u00e9talliers!","description":"Notre ambition est d\u2019apporter aux ex\u00e9cutants le meilleur support possible dans la mise en \u0153uvre des syst\u00e8mes verre et acier de RP Technik.","canonical":"https:\/\/www.rp-technik.com\/fr\/executants\/","og_locale":"fr_FR","og_type":"article","og_title":"Plein support pour nos partenaires m\u00e9talliers !","og_description":"Notre ambition est d\u2019apporter aux ex\u00e9cutants le meilleur support possible dans la mise en \u0153uvre des syst\u00e8mes verre et acier de RP Technik.","og_url":"https:\/\/www.rp-technik.com\/fr\/executants\/","og_site_name":"RP Technik","article_modified_time":"2026-01-23T12:34:53+00:00","og_image":[{"width":1695,"height":807,"url":"https:\/\/www.rp-technik.com\/wp-content\/uploads\/2020\/10\/Startseite-RP-Technik.png","type":"image\/png"}],"twitter_card":"summary_large_image","twitter_title":"Plein support pour nos partenaires m\u00e9talliers !","twitter_description":"Notre ambition est d\u2019apporter aux ex\u00e9cutants le meilleur support possible dans la mise en \u0153uvre des syst\u00e8mes verre et acier de RP Technik.","schema":{"@context":"https:\/\/schema.org","@graph":[{"@type":"WebPage","@id":"https:\/\/www.rp-technik.com\/fr\/executants\/","url":"https:\/\/www.rp-technik.com\/fr\/executants\/","name":"Plein support pour nos partenaires m\u00e9talliers!","isPartOf":{"@id":"\/#website"},"datePublished":"2020-08-03T12:18:10+00:00","dateModified":"2026-01-23T12:34:53+00:00","description":"Notre ambition est d\u2019apporter aux ex\u00e9cutants le meilleur support possible dans la mise en \u0153uvre des syst\u00e8mes verre et acier de RP Technik.","inLanguage":"fr-FR","potentialAction":[{"@type":"ReadAction","target":["https:\/\/www.rp-technik.com\/fr\/executants\/"]}]},{"@type":"WebSite","@id":"\/#website","url":"\/","name":"RP Technik","description":"Hersteller von Stahlsystemen f\u00fcr Fenster, T\u00fcren und Fassaden, Profilsysteme, Stahl-Glas-Elemente, Brandschutzt\u00fcren aus Stahl","potentialAction":[{"@type":"SearchAction","target":{"@type":"EntryPoint","urlTemplate":"\/?s={search_term_string}"},"query-input":{"@type":"PropertyValueSpecification","valueRequired":true,"valueName":"search_term_string"}}],"inLanguage":"fr-FR"}]}},"_links":{"self":[{"href":"https:\/\/www.rp-technik.com\/fr\/wp-json\/wp\/v2\/pages\/9848","targetHints":{"allow":["GET"]}}],"collection":[{"href":"https:\/\/www.rp-technik.com\/fr\/wp-json\/wp\/v2\/pages"}],"about":[{"href":"https:\/\/www.rp-technik.com\/fr\/wp-json\/wp\/v2\/types\/page"}],"author":[{"embeddable":true,"href":"https:\/\/www.rp-technik.com\/fr\/wp-json\/wp\/v2\/users\/10"}],"replies":[{"embeddable":true,"href":"https:\/\/www.rp-technik.com\/fr\/wp-json\/wp\/v2\/comments?post=9848"}],"version-history":[{"count":10,"href":"https:\/\/www.rp-technik.com\/fr\/wp-json\/wp\/v2\/pages\/9848\/revisions"}],"predecessor-version":[{"id":24405,"href":"https:\/\/www.rp-technik.com\/fr\/wp-json\/wp\/v2\/pages\/9848\/revisions\/24405"}],"wp:attachment":[{"href":"https:\/\/www.rp-technik.com\/fr\/wp-json\/wp\/v2\/media?parent=9848"}],"curies":[{"name":"wp","href":"https:\/\/api.w.org\/{rel}","templated":true}]}}