{"id":9850,"date":"2020-08-03T13:17:19","date_gmt":"2020-08-03T12:17:19","guid":{"rendered":"https:\/\/rptechnik.neuim.net\/verarbeiter-werden\/"},"modified":"2021-08-27T08:53:01","modified_gmt":"2021-08-27T07:53:01","slug":"devenir-executant","status":"publish","type":"page","link":"https:\/\/www.rp-technik.com\/fr\/devenir-executant\/","title":{"rendered":"Devenir ex\u00e9cutant"},"content":{"rendered":"\n    <div data-aos=\"fade-up\" data-aos-duration=\"1000\"  class=\"ce ce-cols ce-cols--2\n        ce--contrast    ce--full u-bgColor-black \" id=\"\">\n                <div class=\"container-fluid\">\n            \n            <div class=\"row\">\n                <div class=\"col-12 col-lg-6\">\n                    <!--HIER DIE SCHLEIFE MIT DEM CONTENT SPALTE 1-->\n                        <div data-aos=\"fade-up\" data-aos-duration=\"1000\"  class=\"ce ce-text\n                 \" id=\"\">\n        \n                        <div class=\"row\">\n        <div class=\"col-12 col-md-12 col-xl-12  text-left\">\n            <h2 class=\"\">Une aide exhaustive \u2013 tout simplement<\/h2>\n        <\/div>\n    <\/div>\n\n                <div class=\"row\">\n                    <div class=\"ce-text__text col-12 col-md-12 col-xl-12  text-left\">\n                        <p>Nous vous \u00e9paulons dans votre activit\u00e9 courante et vous d\u00e9lestons d\u00e8s la phase de planification. Nous nous tenons \u00e0 vos c\u00f4t\u00e9s pour vous assister et vous conseiller en mati\u00e8re de calcul du co\u00fbt de revient, de planification des besoins en composants et de questions de mise en \u0153uvre. Avec RP Technik, vous avez un partenaire comp\u00e9tent et fiable qui vous accompagne sur la dur\u00e9e.<\/p>\n                    <\/div>\n                <\/div>\n                        <\/div>\n\n\n    \n                <\/div>\n                <div class=\"col-12 col-lg-6\">\n                    <!--HIER DIE SCHLEIFE MIT DEM CONTENT SPALTE 2-->\n                        <div data-aos=\"fade-up\" data-aos-duration=\"1000\"  class=\"ce ce-text\n                 \" id=\"\">\n        \n                        <div class=\"row\">\n        <div class=\"col-12 col-md-12 col-xl-12  text-left\">\n            <h2 class=\"\">Une mise en \u0153uvre bien pens\u00e9e \u2013 tout simplement<\/h2>\n        <\/div>\n    <\/div>\n\n                <div class=\"row\">\n                    <div class=\"ce-text__text col-12 col-md-12 col-xl-12  text-left\">\n                        <p>RP Technik, ce sont des syst\u00e8mes en acier issus de la pratique destin\u00e9s \u00e0 la pratique. D\u00e8s la phase de d\u00e9veloppement, nous portons notre attention sur la facilit\u00e9 et la rentabilit\u00e9 de leur mise en \u0153uvre. Cela se r\u00e9v\u00e8le dans de nombreux d\u00e9tails, comme la bonne soudabilit\u00e9 ou le montage sans outil des parcloses pour la s\u00e9rie rp fineline.<\/p>\n                    <\/div>\n                <\/div>\n                        <\/div>\n\n\n    \n                <\/div>\n            <\/div>\n        <\/div>\n    <\/div>\n\n    \n\n\n\n    <div data-aos=\"fade-up\" data-aos-duration=\"1000\"  class=\"ce ce-cols ce-cols--2\n             \" id=\"\">\n                <div class=\"container-fluid\">\n            \n            <div class=\"row\">\n                <div class=\"col-12 col-lg-6\">\n                    <!--HIER DIE SCHLEIFE MIT DEM CONTENT SPALTE 1-->\n                        <div data-aos=\"fade-up\" data-aos-duration=\"1000\"  class=\"ce ce-text\n                 \" id=\"\">\n        \n                        <div class=\"row\">\n        <div class=\"col-12 col-md-12 col-xl-12  text-left\">\n            <h2 class=\"\">Une excellente qualit\u00e9 \u2013 tout simplement<\/h2>\n        <\/div>\n    <\/div>\n\n                <div class=\"row\">\n                    <div class=\"ce-text__text col-12 col-md-12 col-xl-12  text-left\">\n                        <p>La qualit\u00e9 maximale est notre signe distinctif. Pour nos profil\u00e9s en acier, nous utilisons sans exception des rev\u00eatements zinc-magn\u00e9sium par immersion \u00e0 chaud. Cela leur apporte une meilleure soudabilit\u00e9 et une protection accrue contre la corrosion.<\/p>\n                    <\/div>\n                <\/div>\n                        <\/div>\n\n\n    \n                <\/div>\n                <div class=\"col-12 col-lg-6\">\n                    <!--HIER DIE SCHLEIFE MIT DEM CONTENT SPALTE 2-->\n                        <div data-aos=\"fade-up\" data-aos-duration=\"1000\"  class=\"ce ce-text\n                 \" id=\"\">\n        \n                        <div class=\"row\">\n        <div class=\"col-12 col-md-12 col-xl-12  text-left\">\n            <h2 class=\"\">Mettez-vous en pole position!<\/h2>\n        <\/div>\n    <\/div>\n\n                <div class=\"row\">\n                    <div class=\"ce-text__text col-12 col-md-12 col-xl-12  text-left\">\n                        <p>Devenez ex\u00e9cutant des syst\u00e8mes verre et acier de RP Technik\u00a0! Chez nous, vous ne serez pas un simple num\u00e9ro, mais gr\u00e2ce \u00e0 la taille de notre entreprise, vous serez en pole position. Ensemble, nous trouverons les solutions techniques, \u00e9conomiques et logistiques adapt\u00e9es \u00e0 chaque projet.<\/p>\n                    <\/div>\n                <\/div>\n                        <\/div>\n\n\n    \n                <\/div>\n            <\/div>\n        <\/div>\n    <\/div>\n\n    \n\n\n\n    <div data-aos=\"fade-up\" data-aos-duration=\"1000\"  class=\"ce ce-cols ce-cols--2\n        ce--contrast    ce--full u-bgColor-black \" id=\"\">\n                <div class=\"container-fluid\">\n            \n            <div class=\"row\">\n                <div class=\"col-12 col-lg-6\">\n                    <!--HIER DIE SCHLEIFE MIT DEM CONTENT SPALTE 1-->\n                        <div data-aos=\"fade-up\" data-aos-duration=\"1000\"  class=\"ce ce-text\n                 \" id=\"\">\n        \n                        <div class=\"row\">\n        <div class=\"col-12 col-md-12 col-xl-12  text-left\">\n            <h2 class=\"\">Simplement personnel<\/h2>\n        <\/div>\n    <\/div>\n\n                <div class=\"row\">\n                    <div class=\"ce-text__text col-12 col-md-12 col-xl-12  text-left\">\n                        <p>Nous entretenons avec nos ex\u00e9cutants des contacts \u00e9troits sur le long terme. Nous voulons ce que vous voulez\u00a0: agir rentablement. Dans ce but, nous nous tenons personnellement \u00e0 vos c\u00f4t\u00e9s et vous proposons des briefings sur les produits et des formations qui vous font avancer.<\/p>\n<p>&nbsp;<\/p>\n                    <\/div>\n                <\/div>\n                        <\/div>\n\n\n    \n                <\/div>\n                <div class=\"col-12 col-lg-6\">\n                    <!--HIER DIE SCHLEIFE MIT DEM CONTENT SPALTE 2-->\n                        <div data-aos=\"fade-up\" data-aos-duration=\"1000\"  class=\"ce ce-text\n                 \" id=\"\">\n        \n                        <div class=\"row\">\n        <div class=\"col-12 col-md-12 col-xl-12  text-left\">\n            <h2 class=\"\">Une forte demande \u2013 tout simplement<\/h2>\n        <\/div>\n    <\/div>\n\n                <div class=\"row\">\n                    <div class=\"ce-text__text col-12 col-md-12 col-xl-12  text-left\">\n                        <p>Les syst\u00e8mes de fen\u00eatres, portes et fa\u00e7ades \u00e0 l\u2019aspect hors du commun et \u00e0 la fonctionnalit\u00e9 convaincante de RP Technik sont recherch\u00e9s sur le march\u00e9. Ils offrent aux architectes, urbanistes et ma\u00eetres d&rsquo;ouvrage des possibilit\u00e9s inimitables de mettre le verre et l\u2019acier en harmonie, pour un r\u00e9sultat esth\u00e9tique et de qualit\u00e9.<\/p>\n                    <\/div>\n                <\/div>\n                        <\/div>\n\n\n    \n                <\/div>\n            <\/div>\n        <\/div>\n    <\/div>\n\n    \n\n\n    <div data-aos=\"fade-up\" data-aos-duration=\"1000\"  class=\"ce ce-text\n                 \" id=\"\">\n        \n        <div class=\"container-fluid\">                <div class=\"row\">\n        <div class=\"col-12 col-md-12 col-xl-8 mx-auto text-center\">\n            <h2 class=\"\">Profitez d\u2019une comp\u00e9tence de solution qui <br \/>\r\nvaut le coup!<\/h2>\n        <\/div>\n    <\/div>\n\n                <div class=\"row\">\n                    <div class=\"ce-text__text col-12 col-md-12 col-xl-8 mx-auto text-center\">\n                                            <\/div>\n                <\/div>\n                    <\/div>    <\/div>\n\n\n    \n\n\n    <div data-aos=\"fade-up\" data-aos-duration=\"1000\"  class=\"ce ce-text\n    ce-text--2col              \" id=\"\">\n        \n        <div class=\"container-fluid\">                                <div class=\"row\">\n                        <div class=\"col-12 col-lg-4\">\n                                                        <h2 class=\"\">Contactez-nous, tout simplement<\/h2>\n                                                    <\/div>\n                        <div class=\"col-12 col-lg-8 d-flex flex-column justify-content-center\">\n                            <p>Nous sommes heureux de l\u2019int\u00e9r\u00eat que vous portez \u00e0 la possibilit\u00e9 de devenir ex\u00e9cutant de nos syst\u00e8mes verre et acier.<\/p>\n<p><strong>RP Technik<\/strong><\/p>\n<p>173-179, Boulevard F\u00e9lix Faure<br \/>\n93537 Aubervilliers cedex<br \/>\nT\u00e9l : 01 48 39 76 79<\/p>\n                        <\/div>\n                    <\/div>\n                        <\/div>    <\/div>\n\n\n    \n","protected":false},"excerpt":{"rendered":"<p>Devenez un transformateur de syst\u00e8mes acier-verre RP Technik avec votre entreprise et b\u00e9n\u00e9ficiez de produits recherch\u00e9s et d&rsquo;un soutien solide.<\/p>\n","protected":false},"author":10,"featured_media":0,"parent":0,"menu_order":0,"comment_status":"closed","ping_status":"closed","template":"","meta":{"_acf_changed":false,"inline_featured_image":false,"footnotes":""},"class_list":["post-9850","page","type-page","status-publish","hentry"],"acf":[],"yoast_head":"<!-- This site is optimized with the Yoast SEO plugin v26.8 - https:\/\/yoast.com\/product\/yoast-seo-wordpress\/ -->\n<title>Devenir ex\u00e9cutant des syst\u00e8mes verre et acier RP Technik<\/title>\n<meta name=\"description\" content=\"Avec votre entreprise, devenez ex\u00e9cutant des syst\u00e8mes verre et acier de RP Technik et profitez de produits recherch\u00e9s et d\u2019un soutien important.\" \/>\n<link rel=\"canonical\" href=\"https:\/\/www.rp-technik.com\/fr\/devenir-executant\/\" \/>\n<meta property=\"og:locale\" content=\"fr_FR\" \/>\n<meta property=\"og:type\" content=\"article\" \/>\n<meta property=\"og:title\" content=\"Devenez ex\u00e9cutant des syst\u00e8mes verre et acier de RP Technik\" \/>\n<meta property=\"og:description\" content=\"Avec votre entreprise, devenez ex\u00e9cutant des syst\u00e8mes verre et acier de RP Technik et profitez de produits recherch\u00e9s et d\u2019un soutien important pour la r\u00e9ussite de votre activit\u00e9.\" \/>\n<meta property=\"og:url\" content=\"https:\/\/www.rp-technik.com\/fr\/devenir-executant\/\" \/>\n<meta property=\"og:site_name\" content=\"RP Technik\" \/>\n<meta property=\"article:modified_time\" content=\"2021-08-27T07:53:01+00:00\" \/>\n<meta property=\"og:image\" content=\"https:\/\/www.rp-technik.com\/wp-content\/uploads\/2020\/10\/Startseite-RP-Technik.png\" \/>\n\t<meta property=\"og:image:width\" content=\"1695\" \/>\n\t<meta property=\"og:image:height\" content=\"807\" \/>\n\t<meta property=\"og:image:type\" content=\"image\/png\" \/>\n<meta name=\"twitter:card\" content=\"summary_large_image\" \/>\n<meta name=\"twitter:title\" content=\"Devenez ex\u00e9cutant des syst\u00e8mes verre et acier de RP Technik\" \/>\n<meta name=\"twitter:description\" content=\"Avec votre entreprise, devenez ex\u00e9cutant des syst\u00e8mes verre et acier de RP Technik et profitez de produits recherch\u00e9s et d\u2019un soutien important pour la r\u00e9ussite de votre activit\u00e9.\" \/>\n<script type=\"application\/ld+json\" class=\"yoast-schema-graph\">{\"@context\":\"https:\/\/schema.org\",\"@graph\":[{\"@type\":\"WebPage\",\"@id\":\"https:\/\/www.rp-technik.com\/fr\/devenir-executant\/\",\"url\":\"https:\/\/www.rp-technik.com\/fr\/devenir-executant\/\",\"name\":\"Devenir ex\u00e9cutant des syst\u00e8mes verre et acier RP Technik\",\"isPartOf\":{\"@id\":\"\/#website\"},\"datePublished\":\"2020-08-03T12:17:19+00:00\",\"dateModified\":\"2021-08-27T07:53:01+00:00\",\"description\":\"Avec votre entreprise, devenez ex\u00e9cutant des syst\u00e8mes verre et acier de RP Technik et profitez de produits recherch\u00e9s et d\u2019un soutien important.\",\"inLanguage\":\"fr-FR\",\"potentialAction\":[{\"@type\":\"ReadAction\",\"target\":[\"https:\/\/www.rp-technik.com\/fr\/devenir-executant\/\"]}]},{\"@type\":\"WebSite\",\"@id\":\"\/#website\",\"url\":\"\/\",\"name\":\"RP Technik\",\"description\":\"Hersteller von Stahlsystemen f\u00fcr Fenster, T\u00fcren und Fassaden, Profilsysteme, Stahl-Glas-Elemente, Brandschutzt\u00fcren aus Stahl\",\"potentialAction\":[{\"@type\":\"SearchAction\",\"target\":{\"@type\":\"EntryPoint\",\"urlTemplate\":\"\/?s={search_term_string}\"},\"query-input\":{\"@type\":\"PropertyValueSpecification\",\"valueRequired\":true,\"valueName\":\"search_term_string\"}}],\"inLanguage\":\"fr-FR\"}]}<\/script>\n<!-- \/ Yoast SEO plugin. -->","yoast_head_json":{"title":"Devenir ex\u00e9cutant des syst\u00e8mes verre et acier RP Technik","description":"Avec votre entreprise, devenez ex\u00e9cutant des syst\u00e8mes verre et acier de RP Technik et profitez de produits recherch\u00e9s et d\u2019un soutien important.","canonical":"https:\/\/www.rp-technik.com\/fr\/devenir-executant\/","og_locale":"fr_FR","og_type":"article","og_title":"Devenez ex\u00e9cutant des syst\u00e8mes verre et acier de RP Technik","og_description":"Avec votre entreprise, devenez ex\u00e9cutant des syst\u00e8mes verre et acier de RP Technik et profitez de produits recherch\u00e9s et d\u2019un soutien important pour la r\u00e9ussite de votre activit\u00e9.","og_url":"https:\/\/www.rp-technik.com\/fr\/devenir-executant\/","og_site_name":"RP Technik","article_modified_time":"2021-08-27T07:53:01+00:00","og_image":[{"width":1695,"height":807,"url":"https:\/\/www.rp-technik.com\/wp-content\/uploads\/2020\/10\/Startseite-RP-Technik.png","type":"image\/png"}],"twitter_card":"summary_large_image","twitter_title":"Devenez ex\u00e9cutant des syst\u00e8mes verre et acier de RP Technik","twitter_description":"Avec votre entreprise, devenez ex\u00e9cutant des syst\u00e8mes verre et acier de RP Technik et profitez de produits recherch\u00e9s et d\u2019un soutien important pour la r\u00e9ussite de votre activit\u00e9.","schema":{"@context":"https:\/\/schema.org","@graph":[{"@type":"WebPage","@id":"https:\/\/www.rp-technik.com\/fr\/devenir-executant\/","url":"https:\/\/www.rp-technik.com\/fr\/devenir-executant\/","name":"Devenir ex\u00e9cutant des syst\u00e8mes verre et acier RP Technik","isPartOf":{"@id":"\/#website"},"datePublished":"2020-08-03T12:17:19+00:00","dateModified":"2021-08-27T07:53:01+00:00","description":"Avec votre entreprise, devenez ex\u00e9cutant des syst\u00e8mes verre et acier de RP Technik et profitez de produits recherch\u00e9s et d\u2019un soutien important.","inLanguage":"fr-FR","potentialAction":[{"@type":"ReadAction","target":["https:\/\/www.rp-technik.com\/fr\/devenir-executant\/"]}]},{"@type":"WebSite","@id":"\/#website","url":"\/","name":"RP Technik","description":"Hersteller von Stahlsystemen f\u00fcr Fenster, T\u00fcren und Fassaden, Profilsysteme, Stahl-Glas-Elemente, Brandschutzt\u00fcren aus Stahl","potentialAction":[{"@type":"SearchAction","target":{"@type":"EntryPoint","urlTemplate":"\/?s={search_term_string}"},"query-input":{"@type":"PropertyValueSpecification","valueRequired":true,"valueName":"search_term_string"}}],"inLanguage":"fr-FR"}]}},"_links":{"self":[{"href":"https:\/\/www.rp-technik.com\/fr\/wp-json\/wp\/v2\/pages\/9850","targetHints":{"allow":["GET"]}}],"collection":[{"href":"https:\/\/www.rp-technik.com\/fr\/wp-json\/wp\/v2\/pages"}],"about":[{"href":"https:\/\/www.rp-technik.com\/fr\/wp-json\/wp\/v2\/types\/page"}],"author":[{"embeddable":true,"href":"https:\/\/www.rp-technik.com\/fr\/wp-json\/wp\/v2\/users\/10"}],"replies":[{"embeddable":true,"href":"https:\/\/www.rp-technik.com\/fr\/wp-json\/wp\/v2\/comments?post=9850"}],"version-history":[{"count":10,"href":"https:\/\/www.rp-technik.com\/fr\/wp-json\/wp\/v2\/pages\/9850\/revisions"}],"predecessor-version":[{"id":11821,"href":"https:\/\/www.rp-technik.com\/fr\/wp-json\/wp\/v2\/pages\/9850\/revisions\/11821"}],"wp:attachment":[{"href":"https:\/\/www.rp-technik.com\/fr\/wp-json\/wp\/v2\/media?parent=9850"}],"curies":[{"name":"wp","href":"https:\/\/api.w.org\/{rel}","templated":true}]}}