{"id":9902,"date":"2020-08-14T06:53:54","date_gmt":"2020-08-14T06:53:54","guid":{"rendered":"https:\/\/rptechnik.neuim.net\/produkt\/rp-hermetic-70fp-30\/"},"modified":"2022-02-21T11:03:35","modified_gmt":"2022-02-21T10:03:35","slug":"rp-hermetic-70fp-30","status":"publish","type":"product","link":"https:\/\/www.rp-technik.com\/fr\/produit\/portes\/rp-hermetic-70fp-30\/","title":{"rendered":"rp hermetic 70FP-30"},"content":{"rendered":"<ul>\n<li>Syst\u00e8me de profil\u00e9s en acier pour portes et cloisons coupe-feu et pare-fum\u00e9e<\/li>\n<li>Ex\u00e9cution en acier ou en inox<\/li>\n<li>Face vue identique pour portes et cloisons<\/li>\n<li>\u00c9paisseur de remplissage des portes possible jusqu&rsquo;\u00e0 54\u00a0mm, selon les exigences<\/li>\n<li>Libert\u00e9 de conception gr\u00e2ce \u00e0 des profil\u00e9s viss\u00e9s carr\u00e9s ou rectangulaires en option et des parcloses en angle.<\/li>\n<li>Compar\u00e9 \u00e0 d\u2019autres mat\u00e9riaux, l\u2019acier a pour avantage de permettre un assemblage \u00e0 onglet plan et \u00e9l\u00e9gant gr\u00e2ce \u00e0 une jonction parfaite des profil\u00e9s<\/li>\n<li>Compatible avec d\u2019autres syst\u00e8mes de fen\u00eatres, portes et fa\u00e7ades de RP Technik<\/li>\n<\/ul>\n","protected":false},"excerpt":{"rendered":"<p>Syst\u00e8me thermo-isol\u00e9 de profil\u00e9s pour portes et cloisons coupe-feu et pare-fum\u00e9e en acier ou en inox d\u2019une profondeur de montage de 70\u00a0mm destin\u00e9 au classement EI30. Ce syst\u00e8me de construction modulaire sophistiqu\u00e9 offre des fonctions de protection cibl\u00e9es et une coh\u00e9rence visuelle de l\u2019ensemble des \u00e9l\u00e9ments d\u2019un projet gr\u00e2ce au traitement du profil\u00e9 de base de la s\u00e9rie rp hermetic 70 r\u00e9pondant \u00e0 diff\u00e9rentes exigences de protection contre l\u2019incendie et la fum\u00e9e.<\/p>\n","protected":false},"featured_media":9905,"comment_status":"closed","ping_status":"closed","template":"","meta":{"_acf_changed":false,"inline_featured_image":false},"product_brand":[],"product_cat":[221],"product_tag":[],"anwendungen":[190,191],"stahlsysteme":[194],"eigenschaften":[203,206,204,208,209],"class_list":{"0":"post-9902","1":"product","2":"type-product","3":"status-publish","4":"has-post-thumbnail","6":"product_cat-non-classifiee","7":"anwendungen-cloisons","8":"anwendungen-portes","9":"stahlsysteme-rp-hermetic-fr","10":"eigenschaften-barrieres-de-securite","11":"eigenschaften-protection-anti-effraction","12":"eigenschaften-protection-coupe-feu","13":"eigenschaften-protection-pare-fumee","14":"eigenschaften-protection-phonique","16":"first","17":"instock","18":"shipping-taxable","19":"product-type-simple"},"acf":[],"yoast_head":"<!-- This site is optimized with the Yoast SEO plugin v26.8 - https:\/\/yoast.com\/product\/yoast-seo-wordpress\/ -->\n<title>Syst\u00e8me acier pour portes coupe-feu et pare-fum\u00e9e EI30<\/title>\n<meta name=\"description\" content=\"rp hermetic 70FP-30 est un syst\u00e8me thermo-isol\u00e9 de profil\u00e9s en acier pour portes et cloisons coupe-feu et pare-fum\u00e9e EI30 d\u2019une profondeur de montage de 70 mm.\" \/>\n<link rel=\"canonical\" href=\"https:\/\/www.rp-technik.com\/fr\/produit\/portes\/rp-hermetic-70fp-30\/\" \/>\n<meta property=\"og:locale\" content=\"fr_FR\" \/>\n<meta property=\"og:type\" content=\"article\" \/>\n<meta property=\"og:title\" content=\"Syst\u00e8me acier pour portes coupe-feu et pare-fum\u00e9e EI30\" \/>\n<meta property=\"og:description\" content=\"rp hermetic 70FP-30 est un syst\u00e8me thermo-isol\u00e9 de profil\u00e9s pour portes et cloisons coupe-feu et pare-fum\u00e9e en acier ou en inox d\u2019une profondeur de montage de 70 mm destin\u00e9 au classement EI30.\" \/>\n<meta property=\"og:url\" content=\"https:\/\/www.rp-technik.com\/fr\/produit\/portes\/rp-hermetic-70fp-30\/\" \/>\n<meta property=\"og:site_name\" content=\"RP Technik\" \/>\n<meta property=\"article:modified_time\" content=\"2022-02-21T10:03:35+00:00\" \/>\n<meta property=\"og:image\" content=\"https:\/\/www.rp-technik.com\/wp-content\/uploads\/2020\/08\/rp-hermetic-70fp-30-stahl-brandschutz-trennwand-3d-16-scaled.jpg\" \/>\n\t<meta property=\"og:image:width\" content=\"2560\" \/>\n\t<meta property=\"og:image:height\" content=\"2560\" \/>\n\t<meta property=\"og:image:type\" content=\"image\/jpeg\" \/>\n<meta name=\"twitter:card\" content=\"summary_large_image\" \/>\n<meta name=\"twitter:title\" content=\"Brand- und Rauchschutzt\u00fcr-Stahlsystem f\u00fcr EI30\" \/>\n<meta name=\"twitter:description\" content=\"rp hermetic 70FP-30 ist ein w\u00e4rmeged\u00e4mmtes Profilsystem f\u00fcr Brand- und Rauchschutzt\u00fcren sowie -trennw\u00e4nde aus Stahl oder Edelstahl mit 70 mm Bautiefe zur Erreichung der Klassifizierung EI30.\" \/>\n<meta name=\"twitter:label1\" content=\"Dur\u00e9e de lecture estim\u00e9e\" \/>\n\t<meta name=\"twitter:data1\" content=\"1 minute\" \/>\n<script type=\"application\/ld+json\" class=\"yoast-schema-graph\">{\"@context\":\"https:\/\/schema.org\",\"@graph\":[{\"@type\":\"WebPage\",\"@id\":\"https:\/\/www.rp-technik.com\/fr\/produit\/portes\/rp-hermetic-70fp-30\/\",\"url\":\"https:\/\/www.rp-technik.com\/fr\/produit\/portes\/rp-hermetic-70fp-30\/\",\"name\":\"Syst\u00e8me acier pour portes coupe-feu et pare-fum\u00e9e EI30\",\"isPartOf\":{\"@id\":\"\/#website\"},\"primaryImageOfPage\":{\"@id\":\"https:\/\/www.rp-technik.com\/fr\/produit\/portes\/rp-hermetic-70fp-30\/#primaryimage\"},\"image\":{\"@id\":\"https:\/\/www.rp-technik.com\/fr\/produit\/portes\/rp-hermetic-70fp-30\/#primaryimage\"},\"thumbnailUrl\":\"https:\/\/www.rp-technik.com\/wp-content\/uploads\/2020\/08\/rp-hermetic-70fp-30-stahl-brandschutz-trennwand-3d-16-scaled.jpg\",\"datePublished\":\"2020-08-14T06:53:54+00:00\",\"dateModified\":\"2022-02-21T10:03:35+00:00\",\"description\":\"rp hermetic 70FP-30 est un syst\u00e8me thermo-isol\u00e9 de profil\u00e9s en acier pour portes et cloisons coupe-feu et pare-fum\u00e9e EI30 d\u2019une profondeur de montage de 70 mm.\",\"inLanguage\":\"fr-FR\",\"potentialAction\":[{\"@type\":\"ReadAction\",\"target\":[\"https:\/\/www.rp-technik.com\/fr\/produit\/portes\/rp-hermetic-70fp-30\/\"]}]},{\"@type\":\"ImageObject\",\"inLanguage\":\"fr-FR\",\"@id\":\"https:\/\/www.rp-technik.com\/fr\/produit\/portes\/rp-hermetic-70fp-30\/#primaryimage\",\"url\":\"https:\/\/www.rp-technik.com\/wp-content\/uploads\/2020\/08\/rp-hermetic-70fp-30-stahl-brandschutz-trennwand-3d-16-scaled.jpg\",\"contentUrl\":\"https:\/\/www.rp-technik.com\/wp-content\/uploads\/2020\/08\/rp-hermetic-70fp-30-stahl-brandschutz-trennwand-3d-16-scaled.jpg\",\"width\":2560,\"height\":2560},{\"@type\":\"WebSite\",\"@id\":\"\/#website\",\"url\":\"\/\",\"name\":\"RP Technik\",\"description\":\"Hersteller von Stahlsystemen f\u00fcr Fenster, T\u00fcren und Fassaden, Profilsysteme, Stahl-Glas-Elemente, Brandschutzt\u00fcren aus Stahl\",\"potentialAction\":[{\"@type\":\"SearchAction\",\"target\":{\"@type\":\"EntryPoint\",\"urlTemplate\":\"\/?s={search_term_string}\"},\"query-input\":{\"@type\":\"PropertyValueSpecification\",\"valueRequired\":true,\"valueName\":\"search_term_string\"}}],\"inLanguage\":\"fr-FR\"}]}<\/script>\n<!-- \/ Yoast SEO plugin. -->","yoast_head_json":{"title":"Syst\u00e8me acier pour portes coupe-feu et pare-fum\u00e9e EI30","description":"rp hermetic 70FP-30 est un syst\u00e8me thermo-isol\u00e9 de profil\u00e9s en acier pour portes et cloisons coupe-feu et pare-fum\u00e9e EI30 d\u2019une profondeur de montage de 70 mm.","canonical":"https:\/\/www.rp-technik.com\/fr\/produit\/portes\/rp-hermetic-70fp-30\/","og_locale":"fr_FR","og_type":"article","og_title":"Syst\u00e8me acier pour portes coupe-feu et pare-fum\u00e9e EI30","og_description":"rp hermetic 70FP-30 est un syst\u00e8me thermo-isol\u00e9 de profil\u00e9s pour portes et cloisons coupe-feu et pare-fum\u00e9e en acier ou en inox d\u2019une profondeur de montage de 70 mm destin\u00e9 au classement EI30.","og_url":"https:\/\/www.rp-technik.com\/fr\/produit\/portes\/rp-hermetic-70fp-30\/","og_site_name":"RP Technik","article_modified_time":"2022-02-21T10:03:35+00:00","og_image":[{"width":2560,"height":2560,"url":"https:\/\/www.rp-technik.com\/wp-content\/uploads\/2020\/08\/rp-hermetic-70fp-30-stahl-brandschutz-trennwand-3d-16-scaled.jpg","type":"image\/jpeg"}],"twitter_card":"summary_large_image","twitter_title":"Brand- und Rauchschutzt\u00fcr-Stahlsystem f\u00fcr EI30","twitter_description":"rp hermetic 70FP-30 ist ein w\u00e4rmeged\u00e4mmtes Profilsystem f\u00fcr Brand- und Rauchschutzt\u00fcren sowie -trennw\u00e4nde aus Stahl oder Edelstahl mit 70 mm Bautiefe zur Erreichung der Klassifizierung EI30.","twitter_misc":{"Dur\u00e9e de lecture estim\u00e9e":"1 minute"},"schema":{"@context":"https:\/\/schema.org","@graph":[{"@type":"WebPage","@id":"https:\/\/www.rp-technik.com\/fr\/produit\/portes\/rp-hermetic-70fp-30\/","url":"https:\/\/www.rp-technik.com\/fr\/produit\/portes\/rp-hermetic-70fp-30\/","name":"Syst\u00e8me acier pour portes coupe-feu et pare-fum\u00e9e EI30","isPartOf":{"@id":"\/#website"},"primaryImageOfPage":{"@id":"https:\/\/www.rp-technik.com\/fr\/produit\/portes\/rp-hermetic-70fp-30\/#primaryimage"},"image":{"@id":"https:\/\/www.rp-technik.com\/fr\/produit\/portes\/rp-hermetic-70fp-30\/#primaryimage"},"thumbnailUrl":"https:\/\/www.rp-technik.com\/wp-content\/uploads\/2020\/08\/rp-hermetic-70fp-30-stahl-brandschutz-trennwand-3d-16-scaled.jpg","datePublished":"2020-08-14T06:53:54+00:00","dateModified":"2022-02-21T10:03:35+00:00","description":"rp hermetic 70FP-30 est un syst\u00e8me thermo-isol\u00e9 de profil\u00e9s en acier pour portes et cloisons coupe-feu et pare-fum\u00e9e EI30 d\u2019une profondeur de montage de 70 mm.","inLanguage":"fr-FR","potentialAction":[{"@type":"ReadAction","target":["https:\/\/www.rp-technik.com\/fr\/produit\/portes\/rp-hermetic-70fp-30\/"]}]},{"@type":"ImageObject","inLanguage":"fr-FR","@id":"https:\/\/www.rp-technik.com\/fr\/produit\/portes\/rp-hermetic-70fp-30\/#primaryimage","url":"https:\/\/www.rp-technik.com\/wp-content\/uploads\/2020\/08\/rp-hermetic-70fp-30-stahl-brandschutz-trennwand-3d-16-scaled.jpg","contentUrl":"https:\/\/www.rp-technik.com\/wp-content\/uploads\/2020\/08\/rp-hermetic-70fp-30-stahl-brandschutz-trennwand-3d-16-scaled.jpg","width":2560,"height":2560},{"@type":"WebSite","@id":"\/#website","url":"\/","name":"RP Technik","description":"Hersteller von Stahlsystemen f\u00fcr Fenster, T\u00fcren und Fassaden, Profilsysteme, Stahl-Glas-Elemente, Brandschutzt\u00fcren aus Stahl","potentialAction":[{"@type":"SearchAction","target":{"@type":"EntryPoint","urlTemplate":"\/?s={search_term_string}"},"query-input":{"@type":"PropertyValueSpecification","valueRequired":true,"valueName":"search_term_string"}}],"inLanguage":"fr-FR"}]}},"_links":{"self":[{"href":"https:\/\/www.rp-technik.com\/fr\/wp-json\/wp\/v2\/product\/9902","targetHints":{"allow":["GET"]}}],"collection":[{"href":"https:\/\/www.rp-technik.com\/fr\/wp-json\/wp\/v2\/product"}],"about":[{"href":"https:\/\/www.rp-technik.com\/fr\/wp-json\/wp\/v2\/types\/product"}],"replies":[{"embeddable":true,"href":"https:\/\/www.rp-technik.com\/fr\/wp-json\/wp\/v2\/comments?post=9902"}],"wp:featuredmedia":[{"embeddable":true,"href":"https:\/\/www.rp-technik.com\/fr\/wp-json\/wp\/v2\/media\/9905"}],"wp:attachment":[{"href":"https:\/\/www.rp-technik.com\/fr\/wp-json\/wp\/v2\/media?parent=9902"}],"wp:term":[{"taxonomy":"product_brand","embeddable":true,"href":"https:\/\/www.rp-technik.com\/fr\/wp-json\/wp\/v2\/product_brand?post=9902"},{"taxonomy":"product_cat","embeddable":true,"href":"https:\/\/www.rp-technik.com\/fr\/wp-json\/wp\/v2\/product_cat?post=9902"},{"taxonomy":"product_tag","embeddable":true,"href":"https:\/\/www.rp-technik.com\/fr\/wp-json\/wp\/v2\/product_tag?post=9902"},{"taxonomy":"anwendungen","embeddable":true,"href":"https:\/\/www.rp-technik.com\/fr\/wp-json\/wp\/v2\/anwendungen?post=9902"},{"taxonomy":"stahlsysteme","embeddable":true,"href":"https:\/\/www.rp-technik.com\/fr\/wp-json\/wp\/v2\/stahlsysteme?post=9902"},{"taxonomy":"eigenschaften","embeddable":true,"href":"https:\/\/www.rp-technik.com\/fr\/wp-json\/wp\/v2\/eigenschaften?post=9902"}],"curies":[{"name":"wp","href":"https:\/\/api.w.org\/{rel}","templated":true}]}}