{"id":9922,"date":"2020-08-14T06:37:38","date_gmt":"2020-08-14T06:37:38","guid":{"rendered":"https:\/\/rptechnik.neuim.net\/produkt\/rp-hermetic-55w\/"},"modified":"2023-01-20T15:32:15","modified_gmt":"2023-01-20T14:32:15","slug":"rp-hermetic-55w","status":"publish","type":"product","link":"https:\/\/www.rp-technik.com\/fr\/produit\/cloisons\/rp-hermetic-55w\/","title":{"rendered":"rp hermetic 55W"},"content":{"rendered":"<ul>\n<li>Syst\u00e8me verre et acier \u00e9conomique non isol\u00e9 pour cloisons<\/li>\n<li>Protection antieffraction jusqu\u2019\u00e0 RC3 en option<\/li>\n<li>Faces vues uniformes gr\u00e2ce \u00e0 l\u2019utilisation de profil\u00e9s de s\u00e9rie, \u00e9galement possible pour les portes pare-feu et pare-fum\u00e9e de la s\u00e9rie rp hermetic 55FP<\/li>\n<li>Compar\u00e9 \u00e0 d\u2019autres mat\u00e9riaux, l\u2019acier a pour avantage de permettre un assemblage \u00e0 onglet plan et \u00e9l\u00e9gant gr\u00e2ce \u00e0 une jonction parfaite des profil\u00e9s<\/li>\n<\/ul>\n","protected":false},"excerpt":{"rendered":"<p>Syst\u00e8me non isol\u00e9 thermiquement de profil\u00e9s en acier pour cloisons en acier. \u00c9galement r\u00e9alisable en version antieffraction de classe RC3<\/p>\n","protected":false},"featured_media":9923,"comment_status":"closed","ping_status":"closed","template":"","meta":{"_acf_changed":false,"inline_featured_image":false},"product_brand":[],"product_cat":[221],"product_tag":[],"anwendungen":[190,186],"stahlsysteme":[194],"eigenschaften":[203,206],"class_list":{"0":"post-9922","1":"product","2":"type-product","3":"status-publish","4":"has-post-thumbnail","6":"product_cat-non-classifiee","7":"anwendungen-cloisons","8":"anwendungen-fenetres","9":"stahlsysteme-rp-hermetic-fr","10":"eigenschaften-barrieres-de-securite","11":"eigenschaften-protection-anti-effraction","13":"first","14":"instock","15":"shipping-taxable","16":"product-type-simple"},"acf":[],"yoast_head":"<!-- This site is optimized with the Yoast SEO plugin v26.8 - https:\/\/yoast.com\/product\/yoast-seo-wordpress\/ -->\n<title>Syst\u00e8me de profil\u00e9s en acier pour cloisons jusqu\u2019\u00e0 RC3 de RP Technik<\/title>\n<meta name=\"description\" content=\"rp hermetic 55W est un syst\u00e8me \u00e9conomique non isol\u00e9 thermiquement de profil\u00e9s en acier pour cloisons avec fonction antieffraction jusqu\u2019\u00e0 RC3\" \/>\n<link rel=\"canonical\" href=\"https:\/\/www.rp-technik.com\/fr\/produit\/cloisons\/rp-hermetic-55w\/\" \/>\n<meta property=\"og:locale\" content=\"fr_FR\" \/>\n<meta property=\"og:type\" content=\"article\" \/>\n<meta property=\"og:title\" content=\"rp hermetic 55W \u2013 syst\u00e8me de profil\u00e9s en acier pour cloisons.\" \/>\n<meta property=\"og:description\" content=\"rp hermetic 55W est un syst\u00e8me \u00e9conomique non isol\u00e9 thermiquement de profil\u00e9s en acier pour cloisons avec fonction antieffraction jusqu\u2019\u00e0 RC3\" \/>\n<meta property=\"og:url\" content=\"https:\/\/www.rp-technik.com\/fr\/produit\/cloisons\/rp-hermetic-55w\/\" \/>\n<meta property=\"og:site_name\" content=\"RP Technik\" \/>\n<meta property=\"article:modified_time\" content=\"2023-01-20T14:32:15+00:00\" \/>\n<meta property=\"og:image\" content=\"https:\/\/www.rp-technik.com\/wp-content\/uploads\/2020\/08\/rp-hermetic-55w-stahl-fenster-trennwand-3d-22-scaled.jpg\" \/>\n\t<meta property=\"og:image:width\" content=\"2560\" \/>\n\t<meta property=\"og:image:height\" content=\"2560\" \/>\n\t<meta property=\"og:image:type\" content=\"image\/jpeg\" \/>\n<meta name=\"twitter:card\" content=\"summary_large_image\" \/>\n<meta name=\"twitter:title\" content=\"rp hermetic 55W \u2013 Stahl-Profilsystem f\u00fcr Trennw\u00e4nde.\" \/>\n<meta name=\"twitter:description\" content=\"rp hermetic 55W ist ein wirtschaftliches, nicht w\u00e4rmeged\u00e4mmtes Stahl-Profilsystem f\u00fcr Trennw\u00e4nde mit Einbruchhemmung bis RC3\" \/>\n<meta name=\"twitter:label1\" content=\"Dur\u00e9e de lecture estim\u00e9e\" \/>\n\t<meta name=\"twitter:data1\" content=\"1 minute\" \/>\n<script type=\"application\/ld+json\" class=\"yoast-schema-graph\">{\"@context\":\"https:\/\/schema.org\",\"@graph\":[{\"@type\":\"WebPage\",\"@id\":\"https:\/\/www.rp-technik.com\/fr\/produit\/cloisons\/rp-hermetic-55w\/\",\"url\":\"https:\/\/www.rp-technik.com\/fr\/produit\/cloisons\/rp-hermetic-55w\/\",\"name\":\"Syst\u00e8me de profil\u00e9s en acier pour cloisons jusqu\u2019\u00e0 RC3 de RP Technik\",\"isPartOf\":{\"@id\":\"\/#website\"},\"primaryImageOfPage\":{\"@id\":\"https:\/\/www.rp-technik.com\/fr\/produit\/cloisons\/rp-hermetic-55w\/#primaryimage\"},\"image\":{\"@id\":\"https:\/\/www.rp-technik.com\/fr\/produit\/cloisons\/rp-hermetic-55w\/#primaryimage\"},\"thumbnailUrl\":\"https:\/\/www.rp-technik.com\/wp-content\/uploads\/2020\/08\/rp-hermetic-55w-stahl-fenster-trennwand-3d-22-scaled.jpg\",\"datePublished\":\"2020-08-14T06:37:38+00:00\",\"dateModified\":\"2023-01-20T14:32:15+00:00\",\"description\":\"rp hermetic 55W est un syst\u00e8me \u00e9conomique non isol\u00e9 thermiquement de profil\u00e9s en acier pour cloisons avec fonction antieffraction jusqu\u2019\u00e0 RC3\",\"inLanguage\":\"fr-FR\",\"potentialAction\":[{\"@type\":\"ReadAction\",\"target\":[\"https:\/\/www.rp-technik.com\/fr\/produit\/cloisons\/rp-hermetic-55w\/\"]}]},{\"@type\":\"ImageObject\",\"inLanguage\":\"fr-FR\",\"@id\":\"https:\/\/www.rp-technik.com\/fr\/produit\/cloisons\/rp-hermetic-55w\/#primaryimage\",\"url\":\"https:\/\/www.rp-technik.com\/wp-content\/uploads\/2020\/08\/rp-hermetic-55w-stahl-fenster-trennwand-3d-22-scaled.jpg\",\"contentUrl\":\"https:\/\/www.rp-technik.com\/wp-content\/uploads\/2020\/08\/rp-hermetic-55w-stahl-fenster-trennwand-3d-22-scaled.jpg\",\"width\":2560,\"height\":2560,\"caption\":\"rp hermetic 55W \u2013 syst\u00e8me de profil\u00e9s en acier \u00e9conomique pour cloisons\"},{\"@type\":\"WebSite\",\"@id\":\"\/#website\",\"url\":\"\/\",\"name\":\"RP Technik\",\"description\":\"Hersteller von Stahlsystemen f\u00fcr Fenster, T\u00fcren und Fassaden, Profilsysteme, Stahl-Glas-Elemente, Brandschutzt\u00fcren aus Stahl\",\"potentialAction\":[{\"@type\":\"SearchAction\",\"target\":{\"@type\":\"EntryPoint\",\"urlTemplate\":\"\/?s={search_term_string}\"},\"query-input\":{\"@type\":\"PropertyValueSpecification\",\"valueRequired\":true,\"valueName\":\"search_term_string\"}}],\"inLanguage\":\"fr-FR\"}]}<\/script>\n<!-- \/ Yoast SEO plugin. -->","yoast_head_json":{"title":"Syst\u00e8me de profil\u00e9s en acier pour cloisons jusqu\u2019\u00e0 RC3 de RP Technik","description":"rp hermetic 55W est un syst\u00e8me \u00e9conomique non isol\u00e9 thermiquement de profil\u00e9s en acier pour cloisons avec fonction antieffraction jusqu\u2019\u00e0 RC3","canonical":"https:\/\/www.rp-technik.com\/fr\/produit\/cloisons\/rp-hermetic-55w\/","og_locale":"fr_FR","og_type":"article","og_title":"rp hermetic 55W \u2013 syst\u00e8me de profil\u00e9s en acier pour cloisons.","og_description":"rp hermetic 55W est un syst\u00e8me \u00e9conomique non isol\u00e9 thermiquement de profil\u00e9s en acier pour cloisons avec fonction antieffraction jusqu\u2019\u00e0 RC3","og_url":"https:\/\/www.rp-technik.com\/fr\/produit\/cloisons\/rp-hermetic-55w\/","og_site_name":"RP Technik","article_modified_time":"2023-01-20T14:32:15+00:00","og_image":[{"width":2560,"height":2560,"url":"https:\/\/www.rp-technik.com\/wp-content\/uploads\/2020\/08\/rp-hermetic-55w-stahl-fenster-trennwand-3d-22-scaled.jpg","type":"image\/jpeg"}],"twitter_card":"summary_large_image","twitter_title":"rp hermetic 55W \u2013 Stahl-Profilsystem f\u00fcr Trennw\u00e4nde.","twitter_description":"rp hermetic 55W ist ein wirtschaftliches, nicht w\u00e4rmeged\u00e4mmtes Stahl-Profilsystem f\u00fcr Trennw\u00e4nde mit Einbruchhemmung bis RC3","twitter_misc":{"Dur\u00e9e de lecture estim\u00e9e":"1 minute"},"schema":{"@context":"https:\/\/schema.org","@graph":[{"@type":"WebPage","@id":"https:\/\/www.rp-technik.com\/fr\/produit\/cloisons\/rp-hermetic-55w\/","url":"https:\/\/www.rp-technik.com\/fr\/produit\/cloisons\/rp-hermetic-55w\/","name":"Syst\u00e8me de profil\u00e9s en acier pour cloisons jusqu\u2019\u00e0 RC3 de RP Technik","isPartOf":{"@id":"\/#website"},"primaryImageOfPage":{"@id":"https:\/\/www.rp-technik.com\/fr\/produit\/cloisons\/rp-hermetic-55w\/#primaryimage"},"image":{"@id":"https:\/\/www.rp-technik.com\/fr\/produit\/cloisons\/rp-hermetic-55w\/#primaryimage"},"thumbnailUrl":"https:\/\/www.rp-technik.com\/wp-content\/uploads\/2020\/08\/rp-hermetic-55w-stahl-fenster-trennwand-3d-22-scaled.jpg","datePublished":"2020-08-14T06:37:38+00:00","dateModified":"2023-01-20T14:32:15+00:00","description":"rp hermetic 55W est un syst\u00e8me \u00e9conomique non isol\u00e9 thermiquement de profil\u00e9s en acier pour cloisons avec fonction antieffraction jusqu\u2019\u00e0 RC3","inLanguage":"fr-FR","potentialAction":[{"@type":"ReadAction","target":["https:\/\/www.rp-technik.com\/fr\/produit\/cloisons\/rp-hermetic-55w\/"]}]},{"@type":"ImageObject","inLanguage":"fr-FR","@id":"https:\/\/www.rp-technik.com\/fr\/produit\/cloisons\/rp-hermetic-55w\/#primaryimage","url":"https:\/\/www.rp-technik.com\/wp-content\/uploads\/2020\/08\/rp-hermetic-55w-stahl-fenster-trennwand-3d-22-scaled.jpg","contentUrl":"https:\/\/www.rp-technik.com\/wp-content\/uploads\/2020\/08\/rp-hermetic-55w-stahl-fenster-trennwand-3d-22-scaled.jpg","width":2560,"height":2560,"caption":"rp hermetic 55W \u2013 syst\u00e8me de profil\u00e9s en acier \u00e9conomique pour cloisons"},{"@type":"WebSite","@id":"\/#website","url":"\/","name":"RP Technik","description":"Hersteller von Stahlsystemen f\u00fcr Fenster, T\u00fcren und Fassaden, Profilsysteme, Stahl-Glas-Elemente, Brandschutzt\u00fcren aus Stahl","potentialAction":[{"@type":"SearchAction","target":{"@type":"EntryPoint","urlTemplate":"\/?s={search_term_string}"},"query-input":{"@type":"PropertyValueSpecification","valueRequired":true,"valueName":"search_term_string"}}],"inLanguage":"fr-FR"}]}},"_links":{"self":[{"href":"https:\/\/www.rp-technik.com\/fr\/wp-json\/wp\/v2\/product\/9922","targetHints":{"allow":["GET"]}}],"collection":[{"href":"https:\/\/www.rp-technik.com\/fr\/wp-json\/wp\/v2\/product"}],"about":[{"href":"https:\/\/www.rp-technik.com\/fr\/wp-json\/wp\/v2\/types\/product"}],"replies":[{"embeddable":true,"href":"https:\/\/www.rp-technik.com\/fr\/wp-json\/wp\/v2\/comments?post=9922"}],"wp:featuredmedia":[{"embeddable":true,"href":"https:\/\/www.rp-technik.com\/fr\/wp-json\/wp\/v2\/media\/9923"}],"wp:attachment":[{"href":"https:\/\/www.rp-technik.com\/fr\/wp-json\/wp\/v2\/media?parent=9922"}],"wp:term":[{"taxonomy":"product_brand","embeddable":true,"href":"https:\/\/www.rp-technik.com\/fr\/wp-json\/wp\/v2\/product_brand?post=9922"},{"taxonomy":"product_cat","embeddable":true,"href":"https:\/\/www.rp-technik.com\/fr\/wp-json\/wp\/v2\/product_cat?post=9922"},{"taxonomy":"product_tag","embeddable":true,"href":"https:\/\/www.rp-technik.com\/fr\/wp-json\/wp\/v2\/product_tag?post=9922"},{"taxonomy":"anwendungen","embeddable":true,"href":"https:\/\/www.rp-technik.com\/fr\/wp-json\/wp\/v2\/anwendungen?post=9922"},{"taxonomy":"stahlsysteme","embeddable":true,"href":"https:\/\/www.rp-technik.com\/fr\/wp-json\/wp\/v2\/stahlsysteme?post=9922"},{"taxonomy":"eigenschaften","embeddable":true,"href":"https:\/\/www.rp-technik.com\/fr\/wp-json\/wp\/v2\/eigenschaften?post=9922"}],"curies":[{"name":"wp","href":"https:\/\/api.w.org\/{rel}","templated":true}]}}