{"id":9924,"date":"2020-08-14T06:34:01","date_gmt":"2020-08-14T06:34:01","guid":{"rendered":"https:\/\/rptechnik.neuim.net\/produkt\/rp-hermetic-55fp-60\/"},"modified":"2022-02-21T10:55:52","modified_gmt":"2022-02-21T09:55:52","slug":"rp-hermetic-55fp-60","status":"publish","type":"product","link":"https:\/\/www.rp-technik.com\/fr\/produit\/portes\/rp-hermetic-55fp-60\/","title":{"rendered":"rp hermetic 55FP-60"},"content":{"rendered":"<ul>\n<li>Syst\u00e8me non isol\u00e9 de profil\u00e9s en acier pour fen\u00eatres et cloisons coupe-feu<\/li>\n<li>Ex\u00e9cution en acier<\/li>\n<li>Apparence globale uniforme gr\u00e2ce \u00e0 l\u2019utilisation de profil\u00e9s de s\u00e9rie, y compris pour les portes pare-feu et pare-fum\u00e9e<\/li>\n<li>Aspect identique \u00e0 rp hermetic 55W (fen\u00eatres) et rp hermetic 55D (portes)<\/li>\n<li>Compar\u00e9 \u00e0 d\u2019autres mat\u00e9riaux, l\u2019acier a pour avantage de permettre un assemblage \u00e0 onglet plan et \u00e9l\u00e9gant gr\u00e2ce \u00e0 une jonction parfaite des profil\u00e9s<\/li>\n<li>Compatible avec d\u2019autres syst\u00e8mes de fen\u00eatres, portes et fa\u00e7ades de RP Technik<\/li>\n<\/ul>\n","protected":false},"excerpt":{"rendered":"<p>Syst\u00e8me non isol\u00e9 de profil\u00e9s pour portes et cloisons coupe-feu en acier destin\u00e9 au classement E60\/EW60. Ce syst\u00e8me de construction modulaire sophistiqu\u00e9 offre des fonctions de protection cibl\u00e9es et une coh\u00e9rence visuelle de l\u2019ensemble des \u00e9l\u00e9ments d\u2019un projet gr\u00e2ce au traitement du profil\u00e9 de base de la s\u00e9rie de portes rp hermetic 55D r\u00e9pondant \u00e0 diff\u00e9rentes exigences de protection contre l\u2019incendie et la fum\u00e9e.<\/p>\n","protected":false},"featured_media":9927,"comment_status":"closed","ping_status":"closed","template":"","meta":{"_acf_changed":false,"inline_featured_image":false},"product_brand":[],"product_cat":[221],"product_tag":[],"anwendungen":[190,191],"stahlsysteme":[194],"eigenschaften":[204],"class_list":{"0":"post-9924","1":"product","2":"type-product","3":"status-publish","4":"has-post-thumbnail","6":"product_cat-non-classifiee","7":"anwendungen-cloisons","8":"anwendungen-portes","9":"stahlsysteme-rp-hermetic-fr","10":"eigenschaften-protection-coupe-feu","12":"first","13":"instock","14":"shipping-taxable","15":"product-type-simple"},"acf":[],"yoast_head":"<!-- This site is optimized with the Yoast SEO plugin v26.8 - https:\/\/yoast.com\/product\/yoast-seo-wordpress\/ -->\n<title>Portes et cloisons coupe-feu acier-verre E60\/EW60<\/title>\n<meta name=\"description\" content=\"rp hermetic 55FP-60: syst\u00e8me de profil\u00e9s en acier non isol\u00e9s pour portes et cloisons coupe-feu permettant d&#039;atteindre la classification E60\/EW60.\" \/>\n<link rel=\"canonical\" href=\"https:\/\/www.rp-technik.com\/fr\/produit\/portes\/rp-hermetic-55fp-60\/\" \/>\n<meta property=\"og:locale\" content=\"fr_FR\" \/>\n<meta property=\"og:type\" content=\"article\" \/>\n<meta property=\"og:title\" content=\"Stahl-Profilsystem f\u00fcr Brandschutzt\u00fcren und -trennw\u00e4nde E60\/EW60\" \/>\n<meta property=\"og:description\" content=\"rp hermetic FP-60 ist ein unged\u00e4mmtes Profilsystem f\u00fcr Brandschutzt\u00fcren und -trennw\u00e4nde aus Stahl oder Edelstahl zur Erreichung der Klassifizierung E60\/EW60 mit \u00fcberzeugenden technischen und Verarbeitungsvorteilen.\" \/>\n<meta property=\"og:url\" content=\"https:\/\/www.rp-technik.com\/fr\/produit\/portes\/rp-hermetic-55fp-60\/\" \/>\n<meta property=\"og:site_name\" content=\"RP Technik\" \/>\n<meta property=\"article:modified_time\" content=\"2022-02-21T09:55:52+00:00\" \/>\n<meta property=\"og:image\" content=\"https:\/\/www.rp-technik.com\/wp-content\/uploads\/2020\/08\/rp-hermetic-55fp-60-stahl-trennwand-3d-16-scaled.jpg\" \/>\n\t<meta property=\"og:image:width\" content=\"2560\" \/>\n\t<meta property=\"og:image:height\" content=\"2560\" \/>\n\t<meta property=\"og:image:type\" content=\"image\/jpeg\" \/>\n<meta name=\"twitter:card\" content=\"summary_large_image\" \/>\n<meta name=\"twitter:title\" content=\"Stahl-Profilsystem f\u00fcr Brandschutzt\u00fcren und -trennw\u00e4nde E60\/EW60\" \/>\n<meta name=\"twitter:description\" content=\"rp hermetic FP-60 ist ein unged\u00e4mmtes Profilsystem f\u00fcr Brandschutzt\u00fcren und -trennw\u00e4nde aus Stahl oder Edelstahl zur Erreichung der Klassifizierung E60\/EW60 mit \u00fcberzeugenden technischen und Verarbeitungsvorteilen.\" \/>\n<meta name=\"twitter:label1\" content=\"Dur\u00e9e de lecture estim\u00e9e\" \/>\n\t<meta name=\"twitter:data1\" content=\"1 minute\" \/>\n<script type=\"application\/ld+json\" class=\"yoast-schema-graph\">{\"@context\":\"https:\/\/schema.org\",\"@graph\":[{\"@type\":\"WebPage\",\"@id\":\"https:\/\/www.rp-technik.com\/fr\/produit\/portes\/rp-hermetic-55fp-60\/\",\"url\":\"https:\/\/www.rp-technik.com\/fr\/produit\/portes\/rp-hermetic-55fp-60\/\",\"name\":\"Portes et cloisons coupe-feu acier-verre E60\/EW60\",\"isPartOf\":{\"@id\":\"\/#website\"},\"primaryImageOfPage\":{\"@id\":\"https:\/\/www.rp-technik.com\/fr\/produit\/portes\/rp-hermetic-55fp-60\/#primaryimage\"},\"image\":{\"@id\":\"https:\/\/www.rp-technik.com\/fr\/produit\/portes\/rp-hermetic-55fp-60\/#primaryimage\"},\"thumbnailUrl\":\"https:\/\/www.rp-technik.com\/wp-content\/uploads\/2020\/08\/rp-hermetic-55fp-60-stahl-trennwand-3d-16-scaled.jpg\",\"datePublished\":\"2020-08-14T06:34:01+00:00\",\"dateModified\":\"2022-02-21T09:55:52+00:00\",\"description\":\"rp hermetic 55FP-60: syst\u00e8me de profil\u00e9s en acier non isol\u00e9s pour portes et cloisons coupe-feu permettant d'atteindre la classification E60\/EW60.\",\"inLanguage\":\"fr-FR\",\"potentialAction\":[{\"@type\":\"ReadAction\",\"target\":[\"https:\/\/www.rp-technik.com\/fr\/produit\/portes\/rp-hermetic-55fp-60\/\"]}]},{\"@type\":\"ImageObject\",\"inLanguage\":\"fr-FR\",\"@id\":\"https:\/\/www.rp-technik.com\/fr\/produit\/portes\/rp-hermetic-55fp-60\/#primaryimage\",\"url\":\"https:\/\/www.rp-technik.com\/wp-content\/uploads\/2020\/08\/rp-hermetic-55fp-60-stahl-trennwand-3d-16-scaled.jpg\",\"contentUrl\":\"https:\/\/www.rp-technik.com\/wp-content\/uploads\/2020\/08\/rp-hermetic-55fp-60-stahl-trennwand-3d-16-scaled.jpg\",\"width\":2560,\"height\":2560},{\"@type\":\"WebSite\",\"@id\":\"\/#website\",\"url\":\"\/\",\"name\":\"RP Technik\",\"description\":\"Hersteller von Stahlsystemen f\u00fcr Fenster, T\u00fcren und Fassaden, Profilsysteme, Stahl-Glas-Elemente, Brandschutzt\u00fcren aus Stahl\",\"potentialAction\":[{\"@type\":\"SearchAction\",\"target\":{\"@type\":\"EntryPoint\",\"urlTemplate\":\"\/?s={search_term_string}\"},\"query-input\":{\"@type\":\"PropertyValueSpecification\",\"valueRequired\":true,\"valueName\":\"search_term_string\"}}],\"inLanguage\":\"fr-FR\"}]}<\/script>\n<!-- \/ Yoast SEO plugin. -->","yoast_head_json":{"title":"Portes et cloisons coupe-feu acier-verre E60\/EW60","description":"rp hermetic 55FP-60: syst\u00e8me de profil\u00e9s en acier non isol\u00e9s pour portes et cloisons coupe-feu permettant d'atteindre la classification E60\/EW60.","canonical":"https:\/\/www.rp-technik.com\/fr\/produit\/portes\/rp-hermetic-55fp-60\/","og_locale":"fr_FR","og_type":"article","og_title":"Stahl-Profilsystem f\u00fcr Brandschutzt\u00fcren und -trennw\u00e4nde E60\/EW60","og_description":"rp hermetic FP-60 ist ein unged\u00e4mmtes Profilsystem f\u00fcr Brandschutzt\u00fcren und -trennw\u00e4nde aus Stahl oder Edelstahl zur Erreichung der Klassifizierung E60\/EW60 mit \u00fcberzeugenden technischen und Verarbeitungsvorteilen.","og_url":"https:\/\/www.rp-technik.com\/fr\/produit\/portes\/rp-hermetic-55fp-60\/","og_site_name":"RP Technik","article_modified_time":"2022-02-21T09:55:52+00:00","og_image":[{"width":2560,"height":2560,"url":"https:\/\/www.rp-technik.com\/wp-content\/uploads\/2020\/08\/rp-hermetic-55fp-60-stahl-trennwand-3d-16-scaled.jpg","type":"image\/jpeg"}],"twitter_card":"summary_large_image","twitter_title":"Stahl-Profilsystem f\u00fcr Brandschutzt\u00fcren und -trennw\u00e4nde E60\/EW60","twitter_description":"rp hermetic FP-60 ist ein unged\u00e4mmtes Profilsystem f\u00fcr Brandschutzt\u00fcren und -trennw\u00e4nde aus Stahl oder Edelstahl zur Erreichung der Klassifizierung E60\/EW60 mit \u00fcberzeugenden technischen und Verarbeitungsvorteilen.","twitter_misc":{"Dur\u00e9e de lecture estim\u00e9e":"1 minute"},"schema":{"@context":"https:\/\/schema.org","@graph":[{"@type":"WebPage","@id":"https:\/\/www.rp-technik.com\/fr\/produit\/portes\/rp-hermetic-55fp-60\/","url":"https:\/\/www.rp-technik.com\/fr\/produit\/portes\/rp-hermetic-55fp-60\/","name":"Portes et cloisons coupe-feu acier-verre E60\/EW60","isPartOf":{"@id":"\/#website"},"primaryImageOfPage":{"@id":"https:\/\/www.rp-technik.com\/fr\/produit\/portes\/rp-hermetic-55fp-60\/#primaryimage"},"image":{"@id":"https:\/\/www.rp-technik.com\/fr\/produit\/portes\/rp-hermetic-55fp-60\/#primaryimage"},"thumbnailUrl":"https:\/\/www.rp-technik.com\/wp-content\/uploads\/2020\/08\/rp-hermetic-55fp-60-stahl-trennwand-3d-16-scaled.jpg","datePublished":"2020-08-14T06:34:01+00:00","dateModified":"2022-02-21T09:55:52+00:00","description":"rp hermetic 55FP-60: syst\u00e8me de profil\u00e9s en acier non isol\u00e9s pour portes et cloisons coupe-feu permettant d'atteindre la classification E60\/EW60.","inLanguage":"fr-FR","potentialAction":[{"@type":"ReadAction","target":["https:\/\/www.rp-technik.com\/fr\/produit\/portes\/rp-hermetic-55fp-60\/"]}]},{"@type":"ImageObject","inLanguage":"fr-FR","@id":"https:\/\/www.rp-technik.com\/fr\/produit\/portes\/rp-hermetic-55fp-60\/#primaryimage","url":"https:\/\/www.rp-technik.com\/wp-content\/uploads\/2020\/08\/rp-hermetic-55fp-60-stahl-trennwand-3d-16-scaled.jpg","contentUrl":"https:\/\/www.rp-technik.com\/wp-content\/uploads\/2020\/08\/rp-hermetic-55fp-60-stahl-trennwand-3d-16-scaled.jpg","width":2560,"height":2560},{"@type":"WebSite","@id":"\/#website","url":"\/","name":"RP Technik","description":"Hersteller von Stahlsystemen f\u00fcr Fenster, T\u00fcren und Fassaden, Profilsysteme, Stahl-Glas-Elemente, Brandschutzt\u00fcren aus Stahl","potentialAction":[{"@type":"SearchAction","target":{"@type":"EntryPoint","urlTemplate":"\/?s={search_term_string}"},"query-input":{"@type":"PropertyValueSpecification","valueRequired":true,"valueName":"search_term_string"}}],"inLanguage":"fr-FR"}]}},"_links":{"self":[{"href":"https:\/\/www.rp-technik.com\/fr\/wp-json\/wp\/v2\/product\/9924","targetHints":{"allow":["GET"]}}],"collection":[{"href":"https:\/\/www.rp-technik.com\/fr\/wp-json\/wp\/v2\/product"}],"about":[{"href":"https:\/\/www.rp-technik.com\/fr\/wp-json\/wp\/v2\/types\/product"}],"replies":[{"embeddable":true,"href":"https:\/\/www.rp-technik.com\/fr\/wp-json\/wp\/v2\/comments?post=9924"}],"wp:featuredmedia":[{"embeddable":true,"href":"https:\/\/www.rp-technik.com\/fr\/wp-json\/wp\/v2\/media\/9927"}],"wp:attachment":[{"href":"https:\/\/www.rp-technik.com\/fr\/wp-json\/wp\/v2\/media?parent=9924"}],"wp:term":[{"taxonomy":"product_brand","embeddable":true,"href":"https:\/\/www.rp-technik.com\/fr\/wp-json\/wp\/v2\/product_brand?post=9924"},{"taxonomy":"product_cat","embeddable":true,"href":"https:\/\/www.rp-technik.com\/fr\/wp-json\/wp\/v2\/product_cat?post=9924"},{"taxonomy":"product_tag","embeddable":true,"href":"https:\/\/www.rp-technik.com\/fr\/wp-json\/wp\/v2\/product_tag?post=9924"},{"taxonomy":"anwendungen","embeddable":true,"href":"https:\/\/www.rp-technik.com\/fr\/wp-json\/wp\/v2\/anwendungen?post=9924"},{"taxonomy":"stahlsysteme","embeddable":true,"href":"https:\/\/www.rp-technik.com\/fr\/wp-json\/wp\/v2\/stahlsysteme?post=9924"},{"taxonomy":"eigenschaften","embeddable":true,"href":"https:\/\/www.rp-technik.com\/fr\/wp-json\/wp\/v2\/eigenschaften?post=9924"}],"curies":[{"name":"wp","href":"https:\/\/api.w.org\/{rel}","templated":true}]}}