{"id":9932,"date":"2020-07-30T10:11:27","date_gmt":"2020-07-30T10:11:27","guid":{"rendered":"https:\/\/rptechnik.neuim.net\/produkt\/rp-hermetic-55d\/"},"modified":"2023-02-01T12:00:11","modified_gmt":"2023-02-01T11:00:11","slug":"rp-hermetic-55d","status":"publish","type":"product","link":"https:\/\/www.rp-technik.com\/fr\/produit\/portes\/rp-hermetic-55d\/","title":{"rendered":"rp hermetic 55D"},"content":{"rendered":"<ul>\n<li>Syst\u00e8me verre et acier \u00e9conomique pour portes \u00e0 1 et 2 vantaux<\/li>\n<li>Ex\u00e9cution en acier<\/li>\n<li>Ex\u00e9cution comme porte anti-pincement en option<\/li>\n<li>Protection antieffraction jusqu\u2019\u00e0 RC3 en option<\/li>\n<li>Faces vues uniformes gr\u00e2ce \u00e0 l\u2019utilisation de profil\u00e9s de s\u00e9rie, \u00e9galement possible pour les portes pare-feu et pare-fum\u00e9e de la s\u00e9rie rp hermetic 55FP<\/li>\n<li>Compar\u00e9 \u00e0 d\u2019autres mat\u00e9riaux, l\u2019acier a pour avantage de permettre un assemblage \u00e0 onglet plan et \u00e9l\u00e9gant gr\u00e2ce \u00e0 une jonction parfaite des profil\u00e9s<\/li>\n<li>Compatible avec d\u2019autres syst\u00e8mes de fen\u00eatres, portes et fa\u00e7ades de RP Technik<\/li>\n<\/ul>\n","protected":false},"excerpt":{"rendered":"<p>Syst\u00e8me non isol\u00e9 thermiquement de profil\u00e9s de portes en acier pour portes \u00e0 1 et 2 vantaux. \u00c9galement disponible en option comme porte pare-fum\u00e9e et porte anti-pincement \u00e0 faces vues identiques ou en version antieffraction jusqu\u2019\u00e0 RC3.<\/p>\n","protected":false},"featured_media":9912,"comment_status":"closed","ping_status":"closed","template":"","meta":{"_acf_changed":false,"inline_featured_image":false},"product_brand":[],"product_cat":[221],"product_tag":[],"anwendungen":[191],"stahlsysteme":[194],"eigenschaften":[206,207],"class_list":{"0":"post-9932","1":"product","2":"type-product","3":"status-publish","4":"has-post-thumbnail","6":"product_cat-non-classifiee","7":"anwendungen-portes","8":"stahlsysteme-rp-hermetic-fr","9":"eigenschaften-protection-anti-effraction","10":"eigenschaften-protection-anti-pincement","12":"first","13":"instock","14":"shipping-taxable","15":"product-type-simple"},"acf":[],"yoast_head":"<!-- This site is optimized with the Yoast SEO plugin v26.8 - https:\/\/yoast.com\/product\/yoast-seo-wordpress\/ -->\n<title>Syst\u00e8me de profil\u00e9s de portes en acier avec fonction antieffraction jusqu\u2019\u00e0 RC3<\/title>\n<meta name=\"description\" content=\"Syst\u00e8me de profil\u00e9s de portes en acier pour portes \u00e0 1 et 2 vantaux avec protection antieffraction jusqu\u2019\u00e0 RC3, r\u00e9alisable en option en version pare-fum\u00e9e et anti-pincement.\" \/>\n<link rel=\"canonical\" href=\"https:\/\/www.rp-technik.com\/fr\/produit\/portes\/rp-hermetic-55d\/\" \/>\n<meta property=\"og:locale\" content=\"fr_FR\" \/>\n<meta property=\"og:type\" content=\"article\" \/>\n<meta property=\"og:title\" content=\"rp hermetic 55D \u2013 syst\u00e8me de profil\u00e9s de portes en acier avec fonction antieffraction RC3\" \/>\n<meta property=\"og:description\" content=\"rp hermetic 55D, le syst\u00e8me de profil\u00e9s de portes en acier pour portes \u00e0 1 et 2 vantaux, offre une protection antieffraction jusqu\u2019\u00e0 RC3 et est r\u00e9alisable en option en version pare-fum\u00e9e et anti-pincement dans des faces vues identiques.\" \/>\n<meta property=\"og:url\" content=\"https:\/\/www.rp-technik.com\/fr\/produit\/portes\/rp-hermetic-55d\/\" \/>\n<meta property=\"og:site_name\" content=\"RP Technik\" \/>\n<meta property=\"article:modified_time\" content=\"2023-02-01T11:00:11+00:00\" \/>\n<meta property=\"og:image\" content=\"https:\/\/www.rp-technik.com\/wp-content\/uploads\/2020\/07\/rp-hermetic-55d-stahl-tuer-3d-01-scaled.jpg\" \/>\n\t<meta property=\"og:image:width\" content=\"2560\" \/>\n\t<meta property=\"og:image:height\" content=\"2560\" \/>\n\t<meta property=\"og:image:type\" content=\"image\/jpeg\" \/>\n<meta name=\"twitter:card\" content=\"summary_large_image\" \/>\n<meta name=\"twitter:title\" content=\"rp hermetic 55D \u2013 Stahlt\u00fcr-Profilsystem bis Einbruchhemmung RC3\" \/>\n<meta name=\"twitter:description\" content=\"rp hermetic 55D, das Stahlt\u00fcr-Profilsystem f\u00fcr 1- und 2-fl\u00fcgelige T\u00fcren bietet Einbruchhemmung bis RC3 und ist optional auch als Rauchschutzt\u00fcr und Fingerklemmschutzt\u00fcr mit gleichen Ansichtsbreiten ausf\u00fchrbar.\" \/>\n<meta name=\"twitter:label1\" content=\"Dur\u00e9e de lecture estim\u00e9e\" \/>\n\t<meta name=\"twitter:data1\" content=\"1 minute\" \/>\n<script type=\"application\/ld+json\" class=\"yoast-schema-graph\">{\"@context\":\"https:\/\/schema.org\",\"@graph\":[{\"@type\":\"WebPage\",\"@id\":\"https:\/\/www.rp-technik.com\/fr\/produit\/portes\/rp-hermetic-55d\/\",\"url\":\"https:\/\/www.rp-technik.com\/fr\/produit\/portes\/rp-hermetic-55d\/\",\"name\":\"Syst\u00e8me de profil\u00e9s de portes en acier avec fonction antieffraction jusqu\u2019\u00e0 RC3\",\"isPartOf\":{\"@id\":\"\/#website\"},\"primaryImageOfPage\":{\"@id\":\"https:\/\/www.rp-technik.com\/fr\/produit\/portes\/rp-hermetic-55d\/#primaryimage\"},\"image\":{\"@id\":\"https:\/\/www.rp-technik.com\/fr\/produit\/portes\/rp-hermetic-55d\/#primaryimage\"},\"thumbnailUrl\":\"https:\/\/www.rp-technik.com\/wp-content\/uploads\/2020\/07\/rp-hermetic-55d-stahl-tuer-3d-01-scaled.jpg\",\"datePublished\":\"2020-07-30T10:11:27+00:00\",\"dateModified\":\"2023-02-01T11:00:11+00:00\",\"description\":\"Syst\u00e8me de profil\u00e9s de portes en acier pour portes \u00e0 1 et 2 vantaux avec protection antieffraction jusqu\u2019\u00e0 RC3, r\u00e9alisable en option en version pare-fum\u00e9e et anti-pincement.\",\"inLanguage\":\"fr-FR\",\"potentialAction\":[{\"@type\":\"ReadAction\",\"target\":[\"https:\/\/www.rp-technik.com\/fr\/produit\/portes\/rp-hermetic-55d\/\"]}]},{\"@type\":\"ImageObject\",\"inLanguage\":\"fr-FR\",\"@id\":\"https:\/\/www.rp-technik.com\/fr\/produit\/portes\/rp-hermetic-55d\/#primaryimage\",\"url\":\"https:\/\/www.rp-technik.com\/wp-content\/uploads\/2020\/07\/rp-hermetic-55d-stahl-tuer-3d-01-scaled.jpg\",\"contentUrl\":\"https:\/\/www.rp-technik.com\/wp-content\/uploads\/2020\/07\/rp-hermetic-55d-stahl-tuer-3d-01-scaled.jpg\",\"width\":2560,\"height\":2560,\"caption\":\"rp hermetic 55D \u2013 syst\u00e8me de profil\u00e9s de portes en acier avec protection antieffraction jusqu\u2019\u00e0 RC3\"},{\"@type\":\"WebSite\",\"@id\":\"\/#website\",\"url\":\"\/\",\"name\":\"RP Technik\",\"description\":\"Hersteller von Stahlsystemen f\u00fcr Fenster, T\u00fcren und Fassaden, Profilsysteme, Stahl-Glas-Elemente, Brandschutzt\u00fcren aus Stahl\",\"potentialAction\":[{\"@type\":\"SearchAction\",\"target\":{\"@type\":\"EntryPoint\",\"urlTemplate\":\"\/?s={search_term_string}\"},\"query-input\":{\"@type\":\"PropertyValueSpecification\",\"valueRequired\":true,\"valueName\":\"search_term_string\"}}],\"inLanguage\":\"fr-FR\"}]}<\/script>\n<!-- \/ Yoast SEO plugin. -->","yoast_head_json":{"title":"Syst\u00e8me de profil\u00e9s de portes en acier avec fonction antieffraction jusqu\u2019\u00e0 RC3","description":"Syst\u00e8me de profil\u00e9s de portes en acier pour portes \u00e0 1 et 2 vantaux avec protection antieffraction jusqu\u2019\u00e0 RC3, r\u00e9alisable en option en version pare-fum\u00e9e et anti-pincement.","canonical":"https:\/\/www.rp-technik.com\/fr\/produit\/portes\/rp-hermetic-55d\/","og_locale":"fr_FR","og_type":"article","og_title":"rp hermetic 55D \u2013 syst\u00e8me de profil\u00e9s de portes en acier avec fonction antieffraction RC3","og_description":"rp hermetic 55D, le syst\u00e8me de profil\u00e9s de portes en acier pour portes \u00e0 1 et 2 vantaux, offre une protection antieffraction jusqu\u2019\u00e0 RC3 et est r\u00e9alisable en option en version pare-fum\u00e9e et anti-pincement dans des faces vues identiques.","og_url":"https:\/\/www.rp-technik.com\/fr\/produit\/portes\/rp-hermetic-55d\/","og_site_name":"RP Technik","article_modified_time":"2023-02-01T11:00:11+00:00","og_image":[{"width":2560,"height":2560,"url":"https:\/\/www.rp-technik.com\/wp-content\/uploads\/2020\/07\/rp-hermetic-55d-stahl-tuer-3d-01-scaled.jpg","type":"image\/jpeg"}],"twitter_card":"summary_large_image","twitter_title":"rp hermetic 55D \u2013 Stahlt\u00fcr-Profilsystem bis Einbruchhemmung RC3","twitter_description":"rp hermetic 55D, das Stahlt\u00fcr-Profilsystem f\u00fcr 1- und 2-fl\u00fcgelige T\u00fcren bietet Einbruchhemmung bis RC3 und ist optional auch als Rauchschutzt\u00fcr und Fingerklemmschutzt\u00fcr mit gleichen Ansichtsbreiten ausf\u00fchrbar.","twitter_misc":{"Dur\u00e9e de lecture estim\u00e9e":"1 minute"},"schema":{"@context":"https:\/\/schema.org","@graph":[{"@type":"WebPage","@id":"https:\/\/www.rp-technik.com\/fr\/produit\/portes\/rp-hermetic-55d\/","url":"https:\/\/www.rp-technik.com\/fr\/produit\/portes\/rp-hermetic-55d\/","name":"Syst\u00e8me de profil\u00e9s de portes en acier avec fonction antieffraction jusqu\u2019\u00e0 RC3","isPartOf":{"@id":"\/#website"},"primaryImageOfPage":{"@id":"https:\/\/www.rp-technik.com\/fr\/produit\/portes\/rp-hermetic-55d\/#primaryimage"},"image":{"@id":"https:\/\/www.rp-technik.com\/fr\/produit\/portes\/rp-hermetic-55d\/#primaryimage"},"thumbnailUrl":"https:\/\/www.rp-technik.com\/wp-content\/uploads\/2020\/07\/rp-hermetic-55d-stahl-tuer-3d-01-scaled.jpg","datePublished":"2020-07-30T10:11:27+00:00","dateModified":"2023-02-01T11:00:11+00:00","description":"Syst\u00e8me de profil\u00e9s de portes en acier pour portes \u00e0 1 et 2 vantaux avec protection antieffraction jusqu\u2019\u00e0 RC3, r\u00e9alisable en option en version pare-fum\u00e9e et anti-pincement.","inLanguage":"fr-FR","potentialAction":[{"@type":"ReadAction","target":["https:\/\/www.rp-technik.com\/fr\/produit\/portes\/rp-hermetic-55d\/"]}]},{"@type":"ImageObject","inLanguage":"fr-FR","@id":"https:\/\/www.rp-technik.com\/fr\/produit\/portes\/rp-hermetic-55d\/#primaryimage","url":"https:\/\/www.rp-technik.com\/wp-content\/uploads\/2020\/07\/rp-hermetic-55d-stahl-tuer-3d-01-scaled.jpg","contentUrl":"https:\/\/www.rp-technik.com\/wp-content\/uploads\/2020\/07\/rp-hermetic-55d-stahl-tuer-3d-01-scaled.jpg","width":2560,"height":2560,"caption":"rp hermetic 55D \u2013 syst\u00e8me de profil\u00e9s de portes en acier avec protection antieffraction jusqu\u2019\u00e0 RC3"},{"@type":"WebSite","@id":"\/#website","url":"\/","name":"RP Technik","description":"Hersteller von Stahlsystemen f\u00fcr Fenster, T\u00fcren und Fassaden, Profilsysteme, Stahl-Glas-Elemente, Brandschutzt\u00fcren aus Stahl","potentialAction":[{"@type":"SearchAction","target":{"@type":"EntryPoint","urlTemplate":"\/?s={search_term_string}"},"query-input":{"@type":"PropertyValueSpecification","valueRequired":true,"valueName":"search_term_string"}}],"inLanguage":"fr-FR"}]}},"_links":{"self":[{"href":"https:\/\/www.rp-technik.com\/fr\/wp-json\/wp\/v2\/product\/9932","targetHints":{"allow":["GET"]}}],"collection":[{"href":"https:\/\/www.rp-technik.com\/fr\/wp-json\/wp\/v2\/product"}],"about":[{"href":"https:\/\/www.rp-technik.com\/fr\/wp-json\/wp\/v2\/types\/product"}],"replies":[{"embeddable":true,"href":"https:\/\/www.rp-technik.com\/fr\/wp-json\/wp\/v2\/comments?post=9932"}],"wp:featuredmedia":[{"embeddable":true,"href":"https:\/\/www.rp-technik.com\/fr\/wp-json\/wp\/v2\/media\/9912"}],"wp:attachment":[{"href":"https:\/\/www.rp-technik.com\/fr\/wp-json\/wp\/v2\/media?parent=9932"}],"wp:term":[{"taxonomy":"product_brand","embeddable":true,"href":"https:\/\/www.rp-technik.com\/fr\/wp-json\/wp\/v2\/product_brand?post=9932"},{"taxonomy":"product_cat","embeddable":true,"href":"https:\/\/www.rp-technik.com\/fr\/wp-json\/wp\/v2\/product_cat?post=9932"},{"taxonomy":"product_tag","embeddable":true,"href":"https:\/\/www.rp-technik.com\/fr\/wp-json\/wp\/v2\/product_tag?post=9932"},{"taxonomy":"anwendungen","embeddable":true,"href":"https:\/\/www.rp-technik.com\/fr\/wp-json\/wp\/v2\/anwendungen?post=9932"},{"taxonomy":"stahlsysteme","embeddable":true,"href":"https:\/\/www.rp-technik.com\/fr\/wp-json\/wp\/v2\/stahlsysteme?post=9932"},{"taxonomy":"eigenschaften","embeddable":true,"href":"https:\/\/www.rp-technik.com\/fr\/wp-json\/wp\/v2\/eigenschaften?post=9932"}],"curies":[{"name":"wp","href":"https:\/\/api.w.org\/{rel}","templated":true}]}}