{"id":9936,"date":"2020-07-30T09:51:09","date_gmt":"2020-07-30T09:51:09","guid":{"rendered":"https:\/\/rptechnik.neuim.net\/produkt\/rp-hermetic-70d\/"},"modified":"2023-11-07T10:14:55","modified_gmt":"2023-11-07T09:14:55","slug":"rp-hermetic-70d","status":"publish","type":"product","link":"https:\/\/www.rp-technik.com\/fr\/produit\/portes\/rp-hermetic-70d\/","title":{"rendered":"rp hermetic 70D"},"content":{"rendered":"<ul>\n<li>Syst\u00e8me verre et acier pour portes (1 et 2 vantaux)<\/li>\n<li>Porte anti-pincement et pliante coulissante en option<\/li>\n<li>Version \u00e0 haute isolation \u00e9galement en option<\/li>\n<li>Aspect uniforme pour tous les syst\u00e8mes de portes, fen\u00eatres et cloisons rp hermetic 70<\/li>\n<li>Surfaces vitr\u00e9es dans le m\u00eame plan pour les syst\u00e8mes de fen\u00eatres et de cloisons<\/li>\n<li>Compar\u00e9 \u00e0 d\u2019autres mat\u00e9riaux, l\u2019acier a pour avantage de permettre un assemblage \u00e0 onglet plan et \u00e9l\u00e9gant gr\u00e2ce \u00e0 une jonction parfaite des profil\u00e9s<\/li>\n<li>R\u00e9alisation possible en acier \u00e0 bas carbone rev\u00eatu en continu par immersion \u00e0 chaud et en acier inoxydable haut de gamme<\/li>\n<li>\u00c9paisseur de remplissage possible jusqu&rsquo;\u00e0 69\u00a0mm, selon les exigences<\/li>\n<li>Pas de rejet d\u2019eau pour un aspect homog\u00e8ne<\/li>\n<li>\u00c9tanch\u00e9it\u00e9 optimale gr\u00e2ce \u00e0 trois niveaux d\u2019\u00e9tanch\u00e9it\u00e9<\/li>\n<li>Compatible avec d\u2019autres syst\u00e8mes de fen\u00eatres, portes et fa\u00e7ades de RP Technik<\/li>\n<\/ul>\n","protected":false},"excerpt":{"rendered":"<p>Syst\u00e8me thermo-isol\u00e9 de profil\u00e9s de portes en acier rp hermetic 70D pour portes \u00e0 1 et 2 vantaux, \u00e9galement disponible en option en version anti-pincement et pliante coulissante. Les syst\u00e8mes de portes et fen\u00eatres rp hermetic 70 permettent d\u2019obtenir un aspect uniforme. Impression de raffinement encore renforc\u00e9e par la jonction parfaite des profil\u00e9s gr\u00e2ce \u00e0 des assemblages \u00e0 onglet plans.<\/p>\n","protected":false},"featured_media":9937,"comment_status":"closed","ping_status":"closed","template":"","meta":{"_acf_changed":false,"inline_featured_image":false},"product_brand":[],"product_cat":[221],"product_tag":[],"anwendungen":[191],"stahlsysteme":[194],"eigenschaften":[210,206,207,205,209],"class_list":{"0":"post-9936","1":"product","2":"type-product","3":"status-publish","4":"has-post-thumbnail","6":"product_cat-non-classifiee","7":"anwendungen-portes","8":"stahlsysteme-rp-hermetic-fr","9":"eigenschaften-isolation-thermique","10":"eigenschaften-protection-anti-effraction","11":"eigenschaften-protection-anti-pincement","12":"eigenschaften-protection-pare-balles","13":"eigenschaften-protection-phonique","15":"first","16":"instock","17":"shipping-taxable","18":"product-type-simple"},"acf":[],"yoast_head":"<!-- This site is optimized with the Yoast SEO plugin v26.8 - https:\/\/yoast.com\/product\/yoast-seo-wordpress\/ -->\n<title>Syst\u00e8mes de portes verre et acier de RP Technik<\/title>\n<meta name=\"description\" content=\"Le syst\u00e8me de profil\u00e9s de portes en acier rp hermetic 70D pour portes \u00e0 1 et 2 vantaux est r\u00e9alisable en option en version anti-pincement et pliante coulissante.\" \/>\n<link rel=\"canonical\" href=\"https:\/\/www.rp-technik.com\/fr\/produit\/portes\/rp-hermetic-70d\/\" \/>\n<meta property=\"og:locale\" content=\"fr_FR\" \/>\n<meta property=\"og:type\" content=\"article\" \/>\n<meta property=\"og:title\" content=\"rp hermetic 70W \u2013 syst\u00e8me thermo-isol\u00e9 de profil\u00e9s verre et acier pour portes\" \/>\n<meta property=\"og:description\" content=\"Le syst\u00e8me de profil\u00e9s de portes en acier pour portes \u00e0 1 et 2 vantaux est r\u00e9alisable en option en version anti-pincement et pliante coulissante. Les syst\u00e8mes de portes et fen\u00eatres rp hermetic 70 permettent d\u2019obtenir un aspect uniforme.\" \/>\n<meta property=\"og:url\" content=\"https:\/\/www.rp-technik.com\/fr\/produit\/portes\/rp-hermetic-70d\/\" \/>\n<meta property=\"og:site_name\" content=\"RP Technik\" \/>\n<meta property=\"article:modified_time\" content=\"2023-11-07T09:14:55+00:00\" \/>\n<meta property=\"og:image\" content=\"https:\/\/www.rp-technik.com\/wp-content\/uploads\/2020\/07\/rp-hermetic-70d-stahl-tuer-3d-01-scaled.jpg\" \/>\n\t<meta property=\"og:image:width\" content=\"2560\" \/>\n\t<meta property=\"og:image:height\" content=\"2560\" \/>\n\t<meta property=\"og:image:type\" content=\"image\/jpeg\" \/>\n<meta name=\"twitter:card\" content=\"summary_large_image\" \/>\n<meta name=\"twitter:title\" content=\"rp hermetic 70W \u2013 w\u00e4rmeged\u00e4mmtes Stahl-Glas-Profilsystem f\u00fcr T\u00fcren\" \/>\n<meta name=\"twitter:description\" content=\"Das Stahlt\u00fcr-Profilsystem f\u00fcr 1- und 2-fl\u00fcgelige T\u00fcren ist optional auch als Fingerklemmschutz- und Faltschiebet\u00fcr ausf\u00fchrbar. Die Fenster- und T\u00fcrsysteme der rp hermetic 70 lassen sich dabei in einheitlicher Optik realisieren.\" \/>\n<meta name=\"twitter:label1\" content=\"Dur\u00e9e de lecture estim\u00e9e\" \/>\n\t<meta name=\"twitter:data1\" content=\"1 minute\" \/>\n<script type=\"application\/ld+json\" class=\"yoast-schema-graph\">{\"@context\":\"https:\/\/schema.org\",\"@graph\":[{\"@type\":\"WebPage\",\"@id\":\"https:\/\/www.rp-technik.com\/fr\/produit\/portes\/rp-hermetic-70d\/\",\"url\":\"https:\/\/www.rp-technik.com\/fr\/produit\/portes\/rp-hermetic-70d\/\",\"name\":\"Syst\u00e8mes de portes verre et acier de RP Technik\",\"isPartOf\":{\"@id\":\"\/#website\"},\"primaryImageOfPage\":{\"@id\":\"https:\/\/www.rp-technik.com\/fr\/produit\/portes\/rp-hermetic-70d\/#primaryimage\"},\"image\":{\"@id\":\"https:\/\/www.rp-technik.com\/fr\/produit\/portes\/rp-hermetic-70d\/#primaryimage\"},\"thumbnailUrl\":\"https:\/\/www.rp-technik.com\/wp-content\/uploads\/2020\/07\/rp-hermetic-70d-stahl-tuer-3d-01-scaled.jpg\",\"datePublished\":\"2020-07-30T09:51:09+00:00\",\"dateModified\":\"2023-11-07T09:14:55+00:00\",\"description\":\"Le syst\u00e8me de profil\u00e9s de portes en acier rp hermetic 70D pour portes \u00e0 1 et 2 vantaux est r\u00e9alisable en option en version anti-pincement et pliante coulissante.\",\"inLanguage\":\"fr-FR\",\"potentialAction\":[{\"@type\":\"ReadAction\",\"target\":[\"https:\/\/www.rp-technik.com\/fr\/produit\/portes\/rp-hermetic-70d\/\"]}]},{\"@type\":\"ImageObject\",\"inLanguage\":\"fr-FR\",\"@id\":\"https:\/\/www.rp-technik.com\/fr\/produit\/portes\/rp-hermetic-70d\/#primaryimage\",\"url\":\"https:\/\/www.rp-technik.com\/wp-content\/uploads\/2020\/07\/rp-hermetic-70d-stahl-tuer-3d-01-scaled.jpg\",\"contentUrl\":\"https:\/\/www.rp-technik.com\/wp-content\/uploads\/2020\/07\/rp-hermetic-70d-stahl-tuer-3d-01-scaled.jpg\",\"width\":2560,\"height\":2560},{\"@type\":\"WebSite\",\"@id\":\"\/#website\",\"url\":\"\/\",\"name\":\"RP Technik\",\"description\":\"Hersteller von Stahlsystemen f\u00fcr Fenster, T\u00fcren und Fassaden, Profilsysteme, Stahl-Glas-Elemente, Brandschutzt\u00fcren aus Stahl\",\"potentialAction\":[{\"@type\":\"SearchAction\",\"target\":{\"@type\":\"EntryPoint\",\"urlTemplate\":\"\/?s={search_term_string}\"},\"query-input\":{\"@type\":\"PropertyValueSpecification\",\"valueRequired\":true,\"valueName\":\"search_term_string\"}}],\"inLanguage\":\"fr-FR\"}]}<\/script>\n<!-- \/ Yoast SEO plugin. -->","yoast_head_json":{"title":"Syst\u00e8mes de portes verre et acier de RP Technik","description":"Le syst\u00e8me de profil\u00e9s de portes en acier rp hermetic 70D pour portes \u00e0 1 et 2 vantaux est r\u00e9alisable en option en version anti-pincement et pliante coulissante.","canonical":"https:\/\/www.rp-technik.com\/fr\/produit\/portes\/rp-hermetic-70d\/","og_locale":"fr_FR","og_type":"article","og_title":"rp hermetic 70W \u2013 syst\u00e8me thermo-isol\u00e9 de profil\u00e9s verre et acier pour portes","og_description":"Le syst\u00e8me de profil\u00e9s de portes en acier pour portes \u00e0 1 et 2 vantaux est r\u00e9alisable en option en version anti-pincement et pliante coulissante. Les syst\u00e8mes de portes et fen\u00eatres rp hermetic 70 permettent d\u2019obtenir un aspect uniforme.","og_url":"https:\/\/www.rp-technik.com\/fr\/produit\/portes\/rp-hermetic-70d\/","og_site_name":"RP Technik","article_modified_time":"2023-11-07T09:14:55+00:00","og_image":[{"width":2560,"height":2560,"url":"https:\/\/www.rp-technik.com\/wp-content\/uploads\/2020\/07\/rp-hermetic-70d-stahl-tuer-3d-01-scaled.jpg","type":"image\/jpeg"}],"twitter_card":"summary_large_image","twitter_title":"rp hermetic 70W \u2013 w\u00e4rmeged\u00e4mmtes Stahl-Glas-Profilsystem f\u00fcr T\u00fcren","twitter_description":"Das Stahlt\u00fcr-Profilsystem f\u00fcr 1- und 2-fl\u00fcgelige T\u00fcren ist optional auch als Fingerklemmschutz- und Faltschiebet\u00fcr ausf\u00fchrbar. Die Fenster- und T\u00fcrsysteme der rp hermetic 70 lassen sich dabei in einheitlicher Optik realisieren.","twitter_misc":{"Dur\u00e9e de lecture estim\u00e9e":"1 minute"},"schema":{"@context":"https:\/\/schema.org","@graph":[{"@type":"WebPage","@id":"https:\/\/www.rp-technik.com\/fr\/produit\/portes\/rp-hermetic-70d\/","url":"https:\/\/www.rp-technik.com\/fr\/produit\/portes\/rp-hermetic-70d\/","name":"Syst\u00e8mes de portes verre et acier de RP Technik","isPartOf":{"@id":"\/#website"},"primaryImageOfPage":{"@id":"https:\/\/www.rp-technik.com\/fr\/produit\/portes\/rp-hermetic-70d\/#primaryimage"},"image":{"@id":"https:\/\/www.rp-technik.com\/fr\/produit\/portes\/rp-hermetic-70d\/#primaryimage"},"thumbnailUrl":"https:\/\/www.rp-technik.com\/wp-content\/uploads\/2020\/07\/rp-hermetic-70d-stahl-tuer-3d-01-scaled.jpg","datePublished":"2020-07-30T09:51:09+00:00","dateModified":"2023-11-07T09:14:55+00:00","description":"Le syst\u00e8me de profil\u00e9s de portes en acier rp hermetic 70D pour portes \u00e0 1 et 2 vantaux est r\u00e9alisable en option en version anti-pincement et pliante coulissante.","inLanguage":"fr-FR","potentialAction":[{"@type":"ReadAction","target":["https:\/\/www.rp-technik.com\/fr\/produit\/portes\/rp-hermetic-70d\/"]}]},{"@type":"ImageObject","inLanguage":"fr-FR","@id":"https:\/\/www.rp-technik.com\/fr\/produit\/portes\/rp-hermetic-70d\/#primaryimage","url":"https:\/\/www.rp-technik.com\/wp-content\/uploads\/2020\/07\/rp-hermetic-70d-stahl-tuer-3d-01-scaled.jpg","contentUrl":"https:\/\/www.rp-technik.com\/wp-content\/uploads\/2020\/07\/rp-hermetic-70d-stahl-tuer-3d-01-scaled.jpg","width":2560,"height":2560},{"@type":"WebSite","@id":"\/#website","url":"\/","name":"RP Technik","description":"Hersteller von Stahlsystemen f\u00fcr Fenster, T\u00fcren und Fassaden, Profilsysteme, Stahl-Glas-Elemente, Brandschutzt\u00fcren aus Stahl","potentialAction":[{"@type":"SearchAction","target":{"@type":"EntryPoint","urlTemplate":"\/?s={search_term_string}"},"query-input":{"@type":"PropertyValueSpecification","valueRequired":true,"valueName":"search_term_string"}}],"inLanguage":"fr-FR"}]}},"_links":{"self":[{"href":"https:\/\/www.rp-technik.com\/fr\/wp-json\/wp\/v2\/product\/9936","targetHints":{"allow":["GET"]}}],"collection":[{"href":"https:\/\/www.rp-technik.com\/fr\/wp-json\/wp\/v2\/product"}],"about":[{"href":"https:\/\/www.rp-technik.com\/fr\/wp-json\/wp\/v2\/types\/product"}],"replies":[{"embeddable":true,"href":"https:\/\/www.rp-technik.com\/fr\/wp-json\/wp\/v2\/comments?post=9936"}],"wp:featuredmedia":[{"embeddable":true,"href":"https:\/\/www.rp-technik.com\/fr\/wp-json\/wp\/v2\/media\/9937"}],"wp:attachment":[{"href":"https:\/\/www.rp-technik.com\/fr\/wp-json\/wp\/v2\/media?parent=9936"}],"wp:term":[{"taxonomy":"product_brand","embeddable":true,"href":"https:\/\/www.rp-technik.com\/fr\/wp-json\/wp\/v2\/product_brand?post=9936"},{"taxonomy":"product_cat","embeddable":true,"href":"https:\/\/www.rp-technik.com\/fr\/wp-json\/wp\/v2\/product_cat?post=9936"},{"taxonomy":"product_tag","embeddable":true,"href":"https:\/\/www.rp-technik.com\/fr\/wp-json\/wp\/v2\/product_tag?post=9936"},{"taxonomy":"anwendungen","embeddable":true,"href":"https:\/\/www.rp-technik.com\/fr\/wp-json\/wp\/v2\/anwendungen?post=9936"},{"taxonomy":"stahlsysteme","embeddable":true,"href":"https:\/\/www.rp-technik.com\/fr\/wp-json\/wp\/v2\/stahlsysteme?post=9936"},{"taxonomy":"eigenschaften","embeddable":true,"href":"https:\/\/www.rp-technik.com\/fr\/wp-json\/wp\/v2\/eigenschaften?post=9936"}],"curies":[{"name":"wp","href":"https:\/\/api.w.org\/{rel}","templated":true}]}}