{"id":9945,"date":"2020-07-30T09:15:13","date_gmt":"2020-07-30T09:15:13","guid":{"rendered":"https:\/\/rptechnik.neuim.net\/produkt\/rp-fineline-70d\/"},"modified":"2024-06-21T14:01:37","modified_gmt":"2024-06-21T13:01:37","slug":"rp-fineline-70d","status":"publish","type":"product","link":"https:\/\/www.rp-technik.com\/fr\/produit\/portes\/rp-fineline-70d\/","title":{"rendered":"rp fineline 70D"},"content":{"rendered":"<ul>\n<li>Faces vues extr\u00eamement fines de 45\u00a0mm (combinaison vantail-cadre)<\/li>\n<li>Grandes dimensions rendues possibles par une technique d\u2019assemblage brevet\u00e9e pour profil\u00e9s \u00e0 rupture de pont thermique<\/li>\n<li>5 contours de parcloses diff\u00e9rents, identiques pour portes et fen\u00eatres<\/li>\n<li>3 configurations possibles pour l\u2019int\u00e9gration du coffre de serrure<\/li>\n<li>Paumelles \u00e0 rouleaux en acier inoxydable de 15\u00a0mm de diam\u00e8tre seulement, possibilit\u00e9 de rev\u00eatement de toute couleur RAL en option<\/li>\n<li>Aspect ext\u00e9rieur homog\u00e8ne gr\u00e2ce \u00e0 une \u00e9vacuation des eaux invisible<\/li>\n<li>Profondeur de montage de 70\u00a0mm<\/li>\n<li>3 solutions de seuil en option pour la porte rp fineline 70D\u00a0: \u00ab\u00a0seuil normal\u00a0\u00bb, \u00ab\u00a0sans seuil\u00a0\u00bb et \u00ab\u00a0seuil en applique\u00a0\u00bb<\/li>\n<\/ul>\n","protected":false},"excerpt":{"rendered":"<p>Syst\u00e8me design thermo-isol\u00e9 pour portes acier avec des faces vues extr\u00eamement fines pour des projets complexes de construction en neuf et de r\u00e9novation avec exigences de protection des monuments historiques.<\/p>\n","protected":false},"featured_media":9946,"comment_status":"closed","ping_status":"closed","template":"","meta":{"_acf_changed":false,"inline_featured_image":false},"product_brand":[],"product_cat":[221],"product_tag":[],"anwendungen":[283,191],"stahlsysteme":[192],"eigenschaften":[210],"class_list":{"0":"post-9945","1":"product","2":"type-product","3":"status-publish","4":"has-post-thumbnail","6":"product_cat-non-classifiee","7":"anwendungen-jardin-dhiver","8":"anwendungen-portes","9":"stahlsysteme-rp-fineline-fr","10":"eigenschaften-isolation-thermique","12":"first","13":"instock","14":"shipping-taxable","15":"product-type-simple"},"acf":[],"yoast_head":"<!-- This site is optimized with the Yoast SEO plugin v26.8 - https:\/\/yoast.com\/product\/yoast-seo-wordpress\/ -->\n<title>Syst\u00e8me de profil\u00e9s design pour portes en acier<\/title>\n<meta name=\"description\" content=\"rp fineline 70D, le syst\u00e8me de profil\u00e9s design thermo-isol\u00e9 pour portes en acier, s\u00e9duit par des faces vues extr\u00eamement fines de 45 mm\" \/>\n<link rel=\"canonical\" href=\"https:\/\/www.rp-technik.com\/fr\/produit\/portes\/rp-fineline-70d\/\" \/>\n<meta property=\"og:locale\" content=\"fr_FR\" \/>\n<meta property=\"og:type\" content=\"article\" \/>\n<meta property=\"og:title\" content=\"rp fineline 70D \u2013 syst\u00e8me de profil\u00e9s design pour portes en acier\" \/>\n<meta property=\"og:description\" content=\"rp fineline 70D, le syst\u00e8me de profil\u00e9s design thermo-isol\u00e9 pour portes acier, s\u00e9duit par des faces vues extr\u00eamement fines et est id\u00e9al pour des projets complexes de construction en neuf et de r\u00e9novation avec exigences de protection des monuments historiques.\" \/>\n<meta property=\"og:url\" content=\"https:\/\/www.rp-technik.com\/fr\/produit\/portes\/rp-fineline-70d\/\" \/>\n<meta property=\"og:site_name\" content=\"RP Technik\" \/>\n<meta property=\"article:modified_time\" content=\"2024-06-21T13:01:37+00:00\" \/>\n<meta property=\"og:image\" content=\"https:\/\/www.rp-technik.com\/wp-content\/uploads\/2020\/07\/rp-fineline-70d-stahl-tuer-3d-01-scaled.jpg\" \/>\n\t<meta property=\"og:image:width\" content=\"2560\" \/>\n\t<meta property=\"og:image:height\" content=\"2560\" \/>\n\t<meta property=\"og:image:type\" content=\"image\/jpeg\" \/>\n<meta name=\"twitter:card\" content=\"summary_large_image\" \/>\n<meta name=\"twitter:title\" content=\"rp fineline 70D \u2013 syst\u00e8me de profil\u00e9s design pour portes en acier\" \/>\n<meta name=\"twitter:description\" content=\"rp fineline 70D, le syst\u00e8me de profil\u00e9s design thermo-isol\u00e9 pour portes acier, s\u00e9duit par des faces vues extr\u00eamement fines et est id\u00e9al pour des projets complexes de construction en neuf et de r\u00e9novation avec exigences de protection des monuments historiques.\" \/>\n<meta name=\"twitter:label1\" content=\"Dur\u00e9e de lecture estim\u00e9e\" \/>\n\t<meta name=\"twitter:data1\" content=\"1 minute\" \/>\n<script type=\"application\/ld+json\" class=\"yoast-schema-graph\">{\"@context\":\"https:\/\/schema.org\",\"@graph\":[{\"@type\":\"WebPage\",\"@id\":\"https:\/\/www.rp-technik.com\/fr\/produit\/portes\/rp-fineline-70d\/\",\"url\":\"https:\/\/www.rp-technik.com\/fr\/produit\/portes\/rp-fineline-70d\/\",\"name\":\"Syst\u00e8me de profil\u00e9s design pour portes en acier\",\"isPartOf\":{\"@id\":\"\/#website\"},\"primaryImageOfPage\":{\"@id\":\"https:\/\/www.rp-technik.com\/fr\/produit\/portes\/rp-fineline-70d\/#primaryimage\"},\"image\":{\"@id\":\"https:\/\/www.rp-technik.com\/fr\/produit\/portes\/rp-fineline-70d\/#primaryimage\"},\"thumbnailUrl\":\"https:\/\/www.rp-technik.com\/wp-content\/uploads\/2020\/07\/rp-fineline-70d-stahl-tuer-3d-01-scaled.jpg\",\"datePublished\":\"2020-07-30T09:15:13+00:00\",\"dateModified\":\"2024-06-21T13:01:37+00:00\",\"description\":\"rp fineline 70D, le syst\u00e8me de profil\u00e9s design thermo-isol\u00e9 pour portes en acier, s\u00e9duit par des faces vues extr\u00eamement fines de 45 mm\",\"inLanguage\":\"fr-FR\",\"potentialAction\":[{\"@type\":\"ReadAction\",\"target\":[\"https:\/\/www.rp-technik.com\/fr\/produit\/portes\/rp-fineline-70d\/\"]}]},{\"@type\":\"ImageObject\",\"inLanguage\":\"fr-FR\",\"@id\":\"https:\/\/www.rp-technik.com\/fr\/produit\/portes\/rp-fineline-70d\/#primaryimage\",\"url\":\"https:\/\/www.rp-technik.com\/wp-content\/uploads\/2020\/07\/rp-fineline-70d-stahl-tuer-3d-01-scaled.jpg\",\"contentUrl\":\"https:\/\/www.rp-technik.com\/wp-content\/uploads\/2020\/07\/rp-fineline-70d-stahl-tuer-3d-01-scaled.jpg\",\"width\":2560,\"height\":2560,\"caption\":\"rp fineline 70D \u2013 syst\u00e8me de profil\u00e9s design thermo-isol\u00e9 pour portes acier avec des faces vues extr\u00eamement fines\"},{\"@type\":\"WebSite\",\"@id\":\"\/#website\",\"url\":\"\/\",\"name\":\"RP Technik\",\"description\":\"Hersteller von Stahlsystemen f\u00fcr Fenster, T\u00fcren und Fassaden, Profilsysteme, Stahl-Glas-Elemente, Brandschutzt\u00fcren aus Stahl\",\"potentialAction\":[{\"@type\":\"SearchAction\",\"target\":{\"@type\":\"EntryPoint\",\"urlTemplate\":\"\/?s={search_term_string}\"},\"query-input\":{\"@type\":\"PropertyValueSpecification\",\"valueRequired\":true,\"valueName\":\"search_term_string\"}}],\"inLanguage\":\"fr-FR\"}]}<\/script>\n<!-- \/ Yoast SEO plugin. -->","yoast_head_json":{"title":"Syst\u00e8me de profil\u00e9s design pour portes en acier","description":"rp fineline 70D, le syst\u00e8me de profil\u00e9s design thermo-isol\u00e9 pour portes en acier, s\u00e9duit par des faces vues extr\u00eamement fines de 45 mm","canonical":"https:\/\/www.rp-technik.com\/fr\/produit\/portes\/rp-fineline-70d\/","og_locale":"fr_FR","og_type":"article","og_title":"rp fineline 70D \u2013 syst\u00e8me de profil\u00e9s design pour portes en acier","og_description":"rp fineline 70D, le syst\u00e8me de profil\u00e9s design thermo-isol\u00e9 pour portes acier, s\u00e9duit par des faces vues extr\u00eamement fines et est id\u00e9al pour des projets complexes de construction en neuf et de r\u00e9novation avec exigences de protection des monuments historiques.","og_url":"https:\/\/www.rp-technik.com\/fr\/produit\/portes\/rp-fineline-70d\/","og_site_name":"RP Technik","article_modified_time":"2024-06-21T13:01:37+00:00","og_image":[{"width":2560,"height":2560,"url":"https:\/\/www.rp-technik.com\/wp-content\/uploads\/2020\/07\/rp-fineline-70d-stahl-tuer-3d-01-scaled.jpg","type":"image\/jpeg"}],"twitter_card":"summary_large_image","twitter_title":"rp fineline 70D \u2013 syst\u00e8me de profil\u00e9s design pour portes en acier","twitter_description":"rp fineline 70D, le syst\u00e8me de profil\u00e9s design thermo-isol\u00e9 pour portes acier, s\u00e9duit par des faces vues extr\u00eamement fines et est id\u00e9al pour des projets complexes de construction en neuf et de r\u00e9novation avec exigences de protection des monuments historiques.","twitter_misc":{"Dur\u00e9e de lecture estim\u00e9e":"1 minute"},"schema":{"@context":"https:\/\/schema.org","@graph":[{"@type":"WebPage","@id":"https:\/\/www.rp-technik.com\/fr\/produit\/portes\/rp-fineline-70d\/","url":"https:\/\/www.rp-technik.com\/fr\/produit\/portes\/rp-fineline-70d\/","name":"Syst\u00e8me de profil\u00e9s design pour portes en acier","isPartOf":{"@id":"\/#website"},"primaryImageOfPage":{"@id":"https:\/\/www.rp-technik.com\/fr\/produit\/portes\/rp-fineline-70d\/#primaryimage"},"image":{"@id":"https:\/\/www.rp-technik.com\/fr\/produit\/portes\/rp-fineline-70d\/#primaryimage"},"thumbnailUrl":"https:\/\/www.rp-technik.com\/wp-content\/uploads\/2020\/07\/rp-fineline-70d-stahl-tuer-3d-01-scaled.jpg","datePublished":"2020-07-30T09:15:13+00:00","dateModified":"2024-06-21T13:01:37+00:00","description":"rp fineline 70D, le syst\u00e8me de profil\u00e9s design thermo-isol\u00e9 pour portes en acier, s\u00e9duit par des faces vues extr\u00eamement fines de 45 mm","inLanguage":"fr-FR","potentialAction":[{"@type":"ReadAction","target":["https:\/\/www.rp-technik.com\/fr\/produit\/portes\/rp-fineline-70d\/"]}]},{"@type":"ImageObject","inLanguage":"fr-FR","@id":"https:\/\/www.rp-technik.com\/fr\/produit\/portes\/rp-fineline-70d\/#primaryimage","url":"https:\/\/www.rp-technik.com\/wp-content\/uploads\/2020\/07\/rp-fineline-70d-stahl-tuer-3d-01-scaled.jpg","contentUrl":"https:\/\/www.rp-technik.com\/wp-content\/uploads\/2020\/07\/rp-fineline-70d-stahl-tuer-3d-01-scaled.jpg","width":2560,"height":2560,"caption":"rp fineline 70D \u2013 syst\u00e8me de profil\u00e9s design thermo-isol\u00e9 pour portes acier avec des faces vues extr\u00eamement fines"},{"@type":"WebSite","@id":"\/#website","url":"\/","name":"RP Technik","description":"Hersteller von Stahlsystemen f\u00fcr Fenster, T\u00fcren und Fassaden, Profilsysteme, Stahl-Glas-Elemente, Brandschutzt\u00fcren aus Stahl","potentialAction":[{"@type":"SearchAction","target":{"@type":"EntryPoint","urlTemplate":"\/?s={search_term_string}"},"query-input":{"@type":"PropertyValueSpecification","valueRequired":true,"valueName":"search_term_string"}}],"inLanguage":"fr-FR"}]}},"_links":{"self":[{"href":"https:\/\/www.rp-technik.com\/fr\/wp-json\/wp\/v2\/product\/9945","targetHints":{"allow":["GET"]}}],"collection":[{"href":"https:\/\/www.rp-technik.com\/fr\/wp-json\/wp\/v2\/product"}],"about":[{"href":"https:\/\/www.rp-technik.com\/fr\/wp-json\/wp\/v2\/types\/product"}],"replies":[{"embeddable":true,"href":"https:\/\/www.rp-technik.com\/fr\/wp-json\/wp\/v2\/comments?post=9945"}],"wp:featuredmedia":[{"embeddable":true,"href":"https:\/\/www.rp-technik.com\/fr\/wp-json\/wp\/v2\/media\/9946"}],"wp:attachment":[{"href":"https:\/\/www.rp-technik.com\/fr\/wp-json\/wp\/v2\/media?parent=9945"}],"wp:term":[{"taxonomy":"product_brand","embeddable":true,"href":"https:\/\/www.rp-technik.com\/fr\/wp-json\/wp\/v2\/product_brand?post=9945"},{"taxonomy":"product_cat","embeddable":true,"href":"https:\/\/www.rp-technik.com\/fr\/wp-json\/wp\/v2\/product_cat?post=9945"},{"taxonomy":"product_tag","embeddable":true,"href":"https:\/\/www.rp-technik.com\/fr\/wp-json\/wp\/v2\/product_tag?post=9945"},{"taxonomy":"anwendungen","embeddable":true,"href":"https:\/\/www.rp-technik.com\/fr\/wp-json\/wp\/v2\/anwendungen?post=9945"},{"taxonomy":"stahlsysteme","embeddable":true,"href":"https:\/\/www.rp-technik.com\/fr\/wp-json\/wp\/v2\/stahlsysteme?post=9945"},{"taxonomy":"eigenschaften","embeddable":true,"href":"https:\/\/www.rp-technik.com\/fr\/wp-json\/wp\/v2\/eigenschaften?post=9945"}],"curies":[{"name":"wp","href":"https:\/\/api.w.org\/{rel}","templated":true}]}}