{"id":9947,"date":"2020-07-30T09:12:12","date_gmt":"2020-07-30T09:12:12","guid":{"rendered":"https:\/\/rptechnik.neuim.net\/produkt\/rp-fineline-70w\/"},"modified":"2023-05-22T10:21:30","modified_gmt":"2023-05-22T09:21:30","slug":"rp-fineline-70w","status":"publish","type":"product","link":"https:\/\/www.rp-technik.com\/fr\/produit\/fenetres\/rp-fineline-70w\/","title":{"rendered":"rp fineline 70W"},"content":{"rendered":"<p>\u2022 Faces vues extr\u00eamement fines de 45 mm seulement pour fen\u00eatres et portes (combinaison vantail-cadre)<br \/>\n\u2022 Divers types de fen\u00eatres et d\u2019ouvertures<\/p>\n<p style=\"padding-left: 40px;\">&#8211; Fen\u00eatres \u00e0 battant simple (ouvrant vers l&rsquo;int\u00e9rieur ou vers l&rsquo;ext\u00e9rieur)<br \/>\n&#8211; Fen\u00eatres oscillo-battantes (ouvrant vers l&rsquo;int\u00e9rieur)<br \/>\n&#8211; Fen\u00eatres \u00e0 l\u2019italienne (ouvrant vers l\u2019ext\u00e9rieur)<br \/>\n&#8211; Vitrage fixe<br \/>\n&#8211; Fen\u00eatres \u00e0 deux vantaux<\/p>\n<p>\u2022 5 contours de parcloses diff\u00e9rents, identiques pour portes et fen\u00eatres<br \/>\n\u2022 Paumelles \u00e0 rouleaux en acier inoxydable de 15 mm de diam\u00e8tre seulement, possibilit\u00e9 de rev\u00eatement de toute couleur RAL en option<br \/>\n\u2022 Aspect ext\u00e9rieur homog\u00e8ne gr\u00e2ce \u00e0 une \u00e9vacuation des eaux invisible<\/p>\n<p>\u2022 Protection anti-effraction RC2 pour les fen\u00eatres oscillo-battantes (\u00e0 un ou deux vantaux) et les vitrages fixes<br \/>\n\u2022 Profondeur de montage de 70 mm<\/p>\n","protected":false},"excerpt":{"rendered":"<p>Syst\u00e8me design thermo-isol\u00e9 pour fen\u00eatres et cloisons acier avec des faces vues extr\u00eamement fines pour des projets complexes de construction en neuf et de r\u00e9novation avec exigences de protection des monuments historiques.<\/p>\n","protected":false},"featured_media":10398,"comment_status":"closed","ping_status":"closed","template":"","meta":{"_acf_changed":false,"inline_featured_image":false},"product_brand":[],"product_cat":[221],"product_tag":[],"anwendungen":[282,190,186,283],"stahlsysteme":[192],"eigenschaften":[203,210,206,209],"class_list":{"0":"post-9947","1":"product","2":"type-product","3":"status-publish","4":"has-post-thumbnail","6":"product_cat-non-classifiee","7":"anwendungen-bow-windows","8":"anwendungen-cloisons","9":"anwendungen-fenetres","10":"anwendungen-jardin-dhiver","11":"stahlsysteme-rp-fineline-fr","12":"eigenschaften-barrieres-de-securite","13":"eigenschaften-isolation-thermique","14":"eigenschaften-protection-anti-effraction","15":"eigenschaften-protection-phonique","17":"first","18":"instock","19":"shipping-taxable","20":"product-type-simple"},"acf":[],"yoast_head":"<!-- This site is optimized with the Yoast SEO plugin v26.8 - https:\/\/yoast.com\/product\/yoast-seo-wordpress\/ -->\n<title>Syst\u00e8me de profil\u00e9s design pour portes et cloisons acier<\/title>\n<meta name=\"description\" content=\"rp fineline 70W, le syst\u00e8me design thermo-isol\u00e9 pour cloisons et fen\u00eatres acier, s\u00e9duit par des faces vues extr\u00eamement fines.\" \/>\n<link rel=\"canonical\" href=\"https:\/\/www.rp-technik.com\/fr\/produit\/fenetres\/rp-fineline-70w\/\" \/>\n<meta property=\"og:locale\" content=\"fr_FR\" \/>\n<meta property=\"og:type\" content=\"article\" \/>\n<meta property=\"og:title\" content=\"rp fineline 70W \u2013 syst\u00e8me design pour fen\u00eatres et cloisons acier\" \/>\n<meta property=\"og:description\" content=\"rp fineline 70W, le syst\u00e8me design thermo-isol\u00e9 pour fen\u00eatres et cloisons acier, s\u00e9duit par des faces vues extr\u00eamement fines et est id\u00e9al pour des projets complexes de r\u00e9novation et de construction en neuf avec exigences de protection des monuments historiques.\" \/>\n<meta property=\"og:url\" content=\"https:\/\/www.rp-technik.com\/fr\/produit\/fenetres\/rp-fineline-70w\/\" \/>\n<meta property=\"og:site_name\" content=\"RP Technik\" \/>\n<meta property=\"article:modified_time\" content=\"2023-05-22T09:21:30+00:00\" \/>\n<meta property=\"og:image\" content=\"https:\/\/www.rp-technik.com\/wp-content\/uploads\/2020\/07\/rpf70W-3D-Ecke-1-1-scaled.jpg\" \/>\n\t<meta property=\"og:image:width\" content=\"2560\" \/>\n\t<meta property=\"og:image:height\" content=\"2560\" \/>\n\t<meta property=\"og:image:type\" content=\"image\/jpeg\" \/>\n<meta name=\"twitter:card\" content=\"summary_large_image\" \/>\n<meta name=\"twitter:title\" content=\"rp fineline 70W \u2013 syst\u00e8me design pour fen\u00eatres et cloisons acier\" \/>\n<meta name=\"twitter:description\" content=\"rp fineline 70W, le syst\u00e8me design thermo-isol\u00e9 pour fen\u00eatres et cloisons acier, s\u00e9duit par des faces vues extr\u00eamement fines et est id\u00e9al pour des projets complexes de r\u00e9novation et de construction en neuf avec exigences de protection des monuments historiques.\" \/>\n<meta name=\"twitter:label1\" content=\"Dur\u00e9e de lecture estim\u00e9e\" \/>\n\t<meta name=\"twitter:data1\" content=\"1 minute\" \/>\n<script type=\"application\/ld+json\" class=\"yoast-schema-graph\">{\"@context\":\"https:\/\/schema.org\",\"@graph\":[{\"@type\":\"WebPage\",\"@id\":\"https:\/\/www.rp-technik.com\/fr\/produit\/fenetres\/rp-fineline-70w\/\",\"url\":\"https:\/\/www.rp-technik.com\/fr\/produit\/fenetres\/rp-fineline-70w\/\",\"name\":\"Syst\u00e8me de profil\u00e9s design pour portes et cloisons acier\",\"isPartOf\":{\"@id\":\"\/#website\"},\"primaryImageOfPage\":{\"@id\":\"https:\/\/www.rp-technik.com\/fr\/produit\/fenetres\/rp-fineline-70w\/#primaryimage\"},\"image\":{\"@id\":\"https:\/\/www.rp-technik.com\/fr\/produit\/fenetres\/rp-fineline-70w\/#primaryimage\"},\"thumbnailUrl\":\"https:\/\/www.rp-technik.com\/wp-content\/uploads\/2020\/07\/rpf70W-3D-Ecke-1-1-scaled.jpg\",\"datePublished\":\"2020-07-30T09:12:12+00:00\",\"dateModified\":\"2023-05-22T09:21:30+00:00\",\"description\":\"rp fineline 70W, le syst\u00e8me design thermo-isol\u00e9 pour cloisons et fen\u00eatres acier, s\u00e9duit par des faces vues extr\u00eamement fines.\",\"inLanguage\":\"fr-FR\",\"potentialAction\":[{\"@type\":\"ReadAction\",\"target\":[\"https:\/\/www.rp-technik.com\/fr\/produit\/fenetres\/rp-fineline-70w\/\"]}]},{\"@type\":\"ImageObject\",\"inLanguage\":\"fr-FR\",\"@id\":\"https:\/\/www.rp-technik.com\/fr\/produit\/fenetres\/rp-fineline-70w\/#primaryimage\",\"url\":\"https:\/\/www.rp-technik.com\/wp-content\/uploads\/2020\/07\/rpf70W-3D-Ecke-1-1-scaled.jpg\",\"contentUrl\":\"https:\/\/www.rp-technik.com\/wp-content\/uploads\/2020\/07\/rpf70W-3D-Ecke-1-1-scaled.jpg\",\"width\":2560,\"height\":2560},{\"@type\":\"WebSite\",\"@id\":\"\/#website\",\"url\":\"\/\",\"name\":\"RP Technik\",\"description\":\"Hersteller von Stahlsystemen f\u00fcr Fenster, T\u00fcren und Fassaden, Profilsysteme, Stahl-Glas-Elemente, Brandschutzt\u00fcren aus Stahl\",\"potentialAction\":[{\"@type\":\"SearchAction\",\"target\":{\"@type\":\"EntryPoint\",\"urlTemplate\":\"\/?s={search_term_string}\"},\"query-input\":{\"@type\":\"PropertyValueSpecification\",\"valueRequired\":true,\"valueName\":\"search_term_string\"}}],\"inLanguage\":\"fr-FR\"}]}<\/script>\n<!-- \/ Yoast SEO plugin. -->","yoast_head_json":{"title":"Syst\u00e8me de profil\u00e9s design pour portes et cloisons acier","description":"rp fineline 70W, le syst\u00e8me design thermo-isol\u00e9 pour cloisons et fen\u00eatres acier, s\u00e9duit par des faces vues extr\u00eamement fines.","canonical":"https:\/\/www.rp-technik.com\/fr\/produit\/fenetres\/rp-fineline-70w\/","og_locale":"fr_FR","og_type":"article","og_title":"rp fineline 70W \u2013 syst\u00e8me design pour fen\u00eatres et cloisons acier","og_description":"rp fineline 70W, le syst\u00e8me design thermo-isol\u00e9 pour fen\u00eatres et cloisons acier, s\u00e9duit par des faces vues extr\u00eamement fines et est id\u00e9al pour des projets complexes de r\u00e9novation et de construction en neuf avec exigences de protection des monuments historiques.","og_url":"https:\/\/www.rp-technik.com\/fr\/produit\/fenetres\/rp-fineline-70w\/","og_site_name":"RP Technik","article_modified_time":"2023-05-22T09:21:30+00:00","og_image":[{"width":2560,"height":2560,"url":"https:\/\/www.rp-technik.com\/wp-content\/uploads\/2020\/07\/rpf70W-3D-Ecke-1-1-scaled.jpg","type":"image\/jpeg"}],"twitter_card":"summary_large_image","twitter_title":"rp fineline 70W \u2013 syst\u00e8me design pour fen\u00eatres et cloisons acier","twitter_description":"rp fineline 70W, le syst\u00e8me design thermo-isol\u00e9 pour fen\u00eatres et cloisons acier, s\u00e9duit par des faces vues extr\u00eamement fines et est id\u00e9al pour des projets complexes de r\u00e9novation et de construction en neuf avec exigences de protection des monuments historiques.","twitter_misc":{"Dur\u00e9e de lecture estim\u00e9e":"1 minute"},"schema":{"@context":"https:\/\/schema.org","@graph":[{"@type":"WebPage","@id":"https:\/\/www.rp-technik.com\/fr\/produit\/fenetres\/rp-fineline-70w\/","url":"https:\/\/www.rp-technik.com\/fr\/produit\/fenetres\/rp-fineline-70w\/","name":"Syst\u00e8me de profil\u00e9s design pour portes et cloisons acier","isPartOf":{"@id":"\/#website"},"primaryImageOfPage":{"@id":"https:\/\/www.rp-technik.com\/fr\/produit\/fenetres\/rp-fineline-70w\/#primaryimage"},"image":{"@id":"https:\/\/www.rp-technik.com\/fr\/produit\/fenetres\/rp-fineline-70w\/#primaryimage"},"thumbnailUrl":"https:\/\/www.rp-technik.com\/wp-content\/uploads\/2020\/07\/rpf70W-3D-Ecke-1-1-scaled.jpg","datePublished":"2020-07-30T09:12:12+00:00","dateModified":"2023-05-22T09:21:30+00:00","description":"rp fineline 70W, le syst\u00e8me design thermo-isol\u00e9 pour cloisons et fen\u00eatres acier, s\u00e9duit par des faces vues extr\u00eamement fines.","inLanguage":"fr-FR","potentialAction":[{"@type":"ReadAction","target":["https:\/\/www.rp-technik.com\/fr\/produit\/fenetres\/rp-fineline-70w\/"]}]},{"@type":"ImageObject","inLanguage":"fr-FR","@id":"https:\/\/www.rp-technik.com\/fr\/produit\/fenetres\/rp-fineline-70w\/#primaryimage","url":"https:\/\/www.rp-technik.com\/wp-content\/uploads\/2020\/07\/rpf70W-3D-Ecke-1-1-scaled.jpg","contentUrl":"https:\/\/www.rp-technik.com\/wp-content\/uploads\/2020\/07\/rpf70W-3D-Ecke-1-1-scaled.jpg","width":2560,"height":2560},{"@type":"WebSite","@id":"\/#website","url":"\/","name":"RP Technik","description":"Hersteller von Stahlsystemen f\u00fcr Fenster, T\u00fcren und Fassaden, Profilsysteme, Stahl-Glas-Elemente, Brandschutzt\u00fcren aus Stahl","potentialAction":[{"@type":"SearchAction","target":{"@type":"EntryPoint","urlTemplate":"\/?s={search_term_string}"},"query-input":{"@type":"PropertyValueSpecification","valueRequired":true,"valueName":"search_term_string"}}],"inLanguage":"fr-FR"}]}},"_links":{"self":[{"href":"https:\/\/www.rp-technik.com\/fr\/wp-json\/wp\/v2\/product\/9947","targetHints":{"allow":["GET"]}}],"collection":[{"href":"https:\/\/www.rp-technik.com\/fr\/wp-json\/wp\/v2\/product"}],"about":[{"href":"https:\/\/www.rp-technik.com\/fr\/wp-json\/wp\/v2\/types\/product"}],"replies":[{"embeddable":true,"href":"https:\/\/www.rp-technik.com\/fr\/wp-json\/wp\/v2\/comments?post=9947"}],"wp:featuredmedia":[{"embeddable":true,"href":"https:\/\/www.rp-technik.com\/fr\/wp-json\/wp\/v2\/media\/10398"}],"wp:attachment":[{"href":"https:\/\/www.rp-technik.com\/fr\/wp-json\/wp\/v2\/media?parent=9947"}],"wp:term":[{"taxonomy":"product_brand","embeddable":true,"href":"https:\/\/www.rp-technik.com\/fr\/wp-json\/wp\/v2\/product_brand?post=9947"},{"taxonomy":"product_cat","embeddable":true,"href":"https:\/\/www.rp-technik.com\/fr\/wp-json\/wp\/v2\/product_cat?post=9947"},{"taxonomy":"product_tag","embeddable":true,"href":"https:\/\/www.rp-technik.com\/fr\/wp-json\/wp\/v2\/product_tag?post=9947"},{"taxonomy":"anwendungen","embeddable":true,"href":"https:\/\/www.rp-technik.com\/fr\/wp-json\/wp\/v2\/anwendungen?post=9947"},{"taxonomy":"stahlsysteme","embeddable":true,"href":"https:\/\/www.rp-technik.com\/fr\/wp-json\/wp\/v2\/stahlsysteme?post=9947"},{"taxonomy":"eigenschaften","embeddable":true,"href":"https:\/\/www.rp-technik.com\/fr\/wp-json\/wp\/v2\/eigenschaften?post=9947"}],"curies":[{"name":"wp","href":"https:\/\/api.w.org\/{rel}","templated":true}]}}